{"id":3833,"date":"2023-09-01T23:07:02","date_gmt":"2023-09-01T22:07:02","guid":{"rendered":"https:\/\/buynoveltydoc.com\/comprar-licencia-de-piloto\/"},"modified":"2024-05-28T16:15:22","modified_gmt":"2024-05-28T15:15:22","slug":"comprar-licencia-de-piloto","status":"publish","type":"page","link":"https:\/\/buynoveltydoc.com\/es\/comprar-licencia-de-piloto\/","title":{"rendered":"Comprar Licencias de Piloto"},"content":{"rendered":"\t\t<div data-elementor-type=\"wp-page\" data-elementor-id=\"3833\" class=\"elementor elementor-3833 elementor-481\">\n\t\t\t\t\t\t<section class=\"elementor-section elementor-top-section elementor-element elementor-element-bc8fc01 elementor-section-boxed elementor-section-height-default elementor-section-height-default\" data-id=\"bc8fc01\" data-element_type=\"section\">\n\t\t\t\t\t\t\t<div class=\"elementor-background-overlay\"><\/div>\n\t\t\t\t\t\t\t<div class=\"elementor-container elementor-column-gap-no\">\n\t\t\t\t\t<div class=\"elementor-column elementor-col-100 elementor-top-column elementor-element elementor-element-a5d3828\" data-id=\"a5d3828\" data-element_type=\"column\">\n\t\t\t<div class=\"elementor-widget-wrap elementor-element-populated\">\n\t\t\t\t\t\t<div class=\"elementor-element elementor-element-00ee863 elementor-widget elementor-widget-heading\" data-id=\"00ee863\" data-element_type=\"widget\" data-widget_type=\"heading.default\">\n\t\t\t\t<div class=\"elementor-widget-container\">\n\t\t\t\t\t<h1 class=\"elementor-heading-title elementor-size-default\">Comprar tarjeta de licencia de piloto real o falsa<\/h1>\t\t\t\t<\/div>\n\t\t\t\t<\/div>\n\t\t\t\t<div class=\"elementor-element elementor-element-055f194 elementor-widget elementor-widget-text-editor\" data-id=\"055f194\" data-element_type=\"widget\" data-widget_type=\"text-editor.default\">\n\t\t\t\t<div class=\"elementor-widget-container\">\n\t\t\t\t\t\t\t\t\t<h3>No dejes que los ex\u00e1menes y la formaci\u00f3n exhaustiva obstaculicen tus sue\u00f1os<\/h3>\n\t\t\t\t\t\t\t\t<\/div>\n\t\t\t\t<\/div>\n\t\t\t\t<div class=\"elementor-element elementor-element-4f7b21b elementor-widget elementor-widget-image\" data-id=\"4f7b21b\" data-element_type=\"widget\" data-widget_type=\"image.default\">\n\t\t\t\t<div class=\"elementor-widget-container\">\n\t\t\t\t\t\t\t\t\t\t\t\t\t\t\t<img fetchpriority=\"high\" decoding=\"async\" width=\"1600\" height=\"1067\" src=\"https:\/\/buynoveltydoc.com\/wp-content\/uploads\/2023\/10\/18-1.jpg\" class=\"attachment-full size-full wp-image-891\" alt=\"buy pilot license\" srcset=\"https:\/\/buynoveltydoc.com\/wp-content\/uploads\/2023\/10\/18-1.jpg 1600w, https:\/\/buynoveltydoc.com\/wp-content\/uploads\/2023\/10\/18-1-300x200.jpg 300w, https:\/\/buynoveltydoc.com\/wp-content\/uploads\/2023\/10\/18-1-1024x683.jpg 1024w, https:\/\/buynoveltydoc.com\/wp-content\/uploads\/2023\/10\/18-1-768x512.jpg 768w, https:\/\/buynoveltydoc.com\/wp-content\/uploads\/2023\/10\/18-1-1536x1024.jpg 1536w\" sizes=\"(max-width: 1600px) 100vw, 1600px\" \/>\t\t\t\t\t\t\t\t\t\t\t\t\t\t\t<\/div>\n\t\t\t\t<\/div>\n\t\t\t\t\t<\/div>\n\t\t<\/div>\n\t\t\t\t\t<\/div>\n\t\t<\/section>\n\t\t\t\t<section class=\"elementor-section elementor-top-section elementor-element elementor-element-203e937 elementor-section-boxed elementor-section-height-default elementor-section-height-default\" data-id=\"203e937\" data-element_type=\"section\">\n\t\t\t\t\t\t\t<div class=\"elementor-background-overlay\"><\/div>\n\t\t\t\t\t\t\t<div class=\"elementor-container elementor-column-gap-no\">\n\t\t\t\t\t<div class=\"elementor-column elementor-col-100 elementor-top-column elementor-element elementor-element-3061d9e\" data-id=\"3061d9e\" data-element_type=\"column\">\n\t\t\t<div class=\"elementor-widget-wrap elementor-element-populated\">\n\t\t\t\t\t\t<div class=\"elementor-element elementor-element-33162ba elementor-widget elementor-widget-text-editor\" data-id=\"33162ba\" data-element_type=\"widget\" data-widget_type=\"text-editor.default\">\n\t\t\t\t<div class=\"elementor-widget-container\">\n\t\t\t\t\t\t\t\t\t<h3>Compre una licencia de piloto falsa &#8211; \u00a1Cumpla sus sue\u00f1os de aviaci\u00f3n hoy!<\/h3>\n<p>\u00bfSiempre has so\u00f1ado con surcar los cielos como piloto? El proceso de obtenci\u00f3n de una licencia de piloto puede ser desalentador, con ex\u00e1menes y una amplia formaci\u00f3n que requieren una importante inversi\u00f3n de tiempo y dinero. Las escuelas de vuelo tradicionales a menudo exigen que las personas se tomen un tiempo libre del trabajo y paguen por un entrenamiento costoso, lo que lo hace inalcanzable para muchos aspirantes a pilotos. Sin embargo, existe una alternativa que puede hacer realidad su sue\u00f1o: comprar una licencia de piloto en l\u00ednea.<\/p>\n<h3>La conveniencia de las licencias de piloto en l\u00ednea<\/h3>\n<p>En Novelty Document Maker, ofrecemos una soluci\u00f3n eficiente para aquellos que desean obtener una licencia de piloto sin pasar por el proceso de capacitaci\u00f3n tradicional. Nuestras licencias, aunque no est\u00e1n pensadas para su uso como documentos legales, son perfectas para los entusiastas de la aviaci\u00f3n que desean colgar una r\u00e9plica de su licencia en la pared o simplemente cumplir su sue\u00f1o de convertirse en piloto.<\/p>\n<h3>Una variedad de opciones de licencia<\/h3>\n<p>Ofrecemos una amplia gama de licencias para satisfacer diferentes aspiraciones. Ya sea que est\u00e9 interesado en licencias de piloto privado, licencias de piloto comercial o licencias de helic\u00f3ptero, lo tenemos cubierto. Nuestras licencias est\u00e1n disponibles para su compra en nuestro sitio web y garantizamos la entrega en un plazo de 2 a 5 d\u00edas h\u00e1biles. Para satisfacer las diferentes preferencias, ofrecemos varias opciones de pago, que incluyen Bitcoin, transferencia bancaria y Ria.<\/p>\n<h3>R\u00e9plicas de alta calidad<\/h3>\n<p>En Novelty Document Maker, priorizamos la calidad. Nuestras licencias est\u00e1n elaboradas con los mejores materiales para replicar la apariencia de las licencias reales. Prestamos especial atenci\u00f3n a la precisi\u00f3n, asegur\u00e1ndonos de que cada licencia sea un producto impecable. Si bien es posible que no se utilicen como documentos legales, estas licencias son la manera perfecta de mostrar su pasi\u00f3n por la aviaci\u00f3n. Cu\u00e9lgalos en tu oficina o en casa, o reg\u00e1lalos a otros amantes de la aviaci\u00f3n.<\/p>\n<p>Adem\u00e1s de la licencia de piloto, ofrecemos una variada selecci\u00f3n de art\u00edculos novedosos, que van desde <a href=\"https:\/\/buynoveltydoc.com\/es\/comprar-carnet-de-conducir\/\">licencias de conducir<\/a> hasta <a href=\"https:\/\/buynoveltydoc.com\/es\/compra-pasaporte-online\/\">pasaportes<\/a> y <a href=\"https:\/\/buynoveltydoc.com\/es\/comprar-tarjeta-de-identidad-online\/\">tarjetas de identificaci\u00f3n<\/a>. Todos nuestros productos se elaboran con el m\u00e1ximo cuidado, utilizando materiales de alta calidad para crear r\u00e9plicas realistas.<\/p>\n<h3>Compromiso con la satisfacci\u00f3n del cliente<\/h3>\n<p>En Novelty Document Maker, nos enorgullecemos de ofrecer a nuestros clientes productos y servicios de la m\u00e1s alta calidad. Su satisfacci\u00f3n es nuestra m\u00e1xima prioridad, y nos dedicamos a asegurarnos de que est\u00e9 satisfecho con su compra. Nuestro compromiso con la excelencia se extiende m\u00e1s all\u00e1 de nuestras licencias, abarcando toda nuestra gama de productos y servicios.<\/p>\n<h3>Haga realidad su sue\u00f1o de aviaci\u00f3n hoy mismo<\/h3>\n<p>En conclusi\u00f3n, comprar una <a href=\"https:\/\/www.faa.gov\/pilots\/become\" target=\"_blank\" rel=\"noopener\">licencia de piloto<\/a> en l\u00ednea ofrece un camino pr\u00e1ctico y accesible para cumplir su sue\u00f1o de convertirse en piloto. Nuestras licencias son precisas, detalladas y de la m\u00e1s alta calidad, lo que las hace ideales para exhibir o regalar. P\u00f3ngase en contacto con nosotros hoy mismo para obtener m\u00e1s informaci\u00f3n sobre nuestros excepcionales productos y servicios.<\/p>\n\t\t\t\t\t\t\t\t<\/div>\n\t\t\t\t<\/div>\n\t\t\t\t<section class=\"elementor-section elementor-inner-section elementor-element elementor-element-e790fe0 elementor-section-boxed elementor-section-height-default elementor-section-height-default\" data-id=\"e790fe0\" data-element_type=\"section\">\n\t\t\t\t\t\t<div class=\"elementor-container elementor-column-gap-no\">\n\t\t\t\t\t<div class=\"elementor-column elementor-col-50 elementor-inner-column elementor-element elementor-element-4103332\" data-id=\"4103332\" data-element_type=\"column\">\n\t\t\t<div class=\"elementor-widget-wrap elementor-element-populated\">\n\t\t\t\t\t\t<div class=\"elementor-element elementor-element-ad71764 elementor-widget elementor-widget-image\" data-id=\"ad71764\" data-element_type=\"widget\" data-widget_type=\"image.default\">\n\t\t\t\t<div class=\"elementor-widget-container\">\n\t\t\t\t\t\t\t\t\t\t\t\t\t\t\t<img decoding=\"async\" width=\"1024\" height=\"683\" src=\"https:\/\/buynoveltydoc.com\/wp-content\/uploads\/2023\/10\/17-1-1024x683.jpg\" class=\"attachment-large size-large wp-image-890\" alt=\"fake pilot license\" srcset=\"https:\/\/buynoveltydoc.com\/wp-content\/uploads\/2023\/10\/17-1-1024x683.jpg 1024w, https:\/\/buynoveltydoc.com\/wp-content\/uploads\/2023\/10\/17-1-300x200.jpg 300w, https:\/\/buynoveltydoc.com\/wp-content\/uploads\/2023\/10\/17-1-768x512.jpg 768w, https:\/\/buynoveltydoc.com\/wp-content\/uploads\/2023\/10\/17-1-1536x1024.jpg 1536w, https:\/\/buynoveltydoc.com\/wp-content\/uploads\/2023\/10\/17-1.jpg 1600w\" sizes=\"(max-width: 1024px) 100vw, 1024px\" \/>\t\t\t\t\t\t\t\t\t\t\t\t\t\t\t<\/div>\n\t\t\t\t<\/div>\n\t\t\t\t\t<\/div>\n\t\t<\/div>\n\t\t\t\t<div class=\"elementor-column elementor-col-50 elementor-inner-column elementor-element elementor-element-47033ed\" data-id=\"47033ed\" data-element_type=\"column\">\n\t\t\t<div class=\"elementor-widget-wrap elementor-element-populated\">\n\t\t\t\t\t\t<div class=\"elementor-element elementor-element-735baa4 elementor-widget elementor-widget-image\" data-id=\"735baa4\" data-element_type=\"widget\" data-widget_type=\"image.default\">\n\t\t\t\t<div class=\"elementor-widget-container\">\n\t\t\t\t\t\t\t\t\t\t\t\t\t\t\t<img decoding=\"async\" width=\"1024\" height=\"683\" src=\"https:\/\/buynoveltydoc.com\/wp-content\/uploads\/2023\/10\/19-1-1024x683.jpg\" class=\"attachment-large size-large wp-image-892\" alt=\"buy fake ppl license\" srcset=\"https:\/\/buynoveltydoc.com\/wp-content\/uploads\/2023\/10\/19-1-1024x683.jpg 1024w, https:\/\/buynoveltydoc.com\/wp-content\/uploads\/2023\/10\/19-1-300x200.jpg 300w, https:\/\/buynoveltydoc.com\/wp-content\/uploads\/2023\/10\/19-1-768x512.jpg 768w, https:\/\/buynoveltydoc.com\/wp-content\/uploads\/2023\/10\/19-1-1536x1024.jpg 1536w, https:\/\/buynoveltydoc.com\/wp-content\/uploads\/2023\/10\/19-1.jpg 1600w\" sizes=\"(max-width: 1024px) 100vw, 1024px\" \/>\t\t\t\t\t\t\t\t\t\t\t\t\t\t\t<\/div>\n\t\t\t\t<\/div>\n\t\t\t\t\t<\/div>\n\t\t<\/div>\n\t\t\t\t\t<\/div>\n\t\t<\/section>\n\t\t\t\t\t<\/div>\n\t\t<\/div>\n\t\t\t\t\t<\/div>\n\t\t<\/section>\n\t\t\t\t<section class=\"elementor-section elementor-top-section elementor-element elementor-element-4271066 elementor-section-boxed elementor-section-height-default elementor-section-height-default\" data-id=\"4271066\" data-element_type=\"section\" data-settings=\"{&quot;background_background&quot;:&quot;classic&quot;}\">\n\t\t\t\t\t\t\t<div class=\"elementor-background-overlay\"><\/div>\n\t\t\t\t\t\t\t<div class=\"elementor-container elementor-column-gap-no\">\n\t\t\t\t\t<div class=\"elementor-column elementor-col-50 elementor-top-column elementor-element elementor-element-b5bef14\" data-id=\"b5bef14\" data-element_type=\"column\">\n\t\t\t<div class=\"elementor-widget-wrap elementor-element-populated\">\n\t\t\t\t\t\t<div class=\"elementor-element elementor-element-9021dec elementor-view-stacked elementor-position-inline-start elementor-shape-circle elementor-mobile-position-block-start elementor-widget elementor-widget-icon-box\" data-id=\"9021dec\" data-element_type=\"widget\" data-widget_type=\"icon-box.default\">\n\t\t\t\t<div class=\"elementor-widget-container\">\n\t\t\t\t\t\t\t<div class=\"elementor-icon-box-wrapper\">\n\n\t\t\t\t\t\t<div class=\"elementor-icon-box-icon\">\n\t\t\t\t<span  class=\"elementor-icon\">\n\t\t\t\t<i aria-hidden=\"true\" class=\"fas fa-envelope-open-text\"><\/i>\t\t\t\t<\/span>\n\t\t\t<\/div>\n\t\t\t\n\t\t\t\t\t\t<div class=\"elementor-icon-box-content\">\n\n\t\t\t\t\t\t\t\t\t<h3 class=\"elementor-icon-box-title\">\n\t\t\t\t\t\t<span  >\n\t\t\t\t\t\t\tSuscr\u00edbete a nuestro bolet\u00edn de noticias\t\t\t\t\t\t<\/span>\n\t\t\t\t\t<\/h3>\n\t\t\t\t\n\t\t\t\t\t\t\t\t\t<p class=\"elementor-icon-box-description\">\n\t\t\t\t\t\tMant\u00e9ngase en contacto con nosotros para obtener las \u00faltimas noticias y ofertas especiales.\t\t\t\t\t<\/p>\n\t\t\t\t\n\t\t\t<\/div>\n\t\t\t\n\t\t<\/div>\n\t\t\t\t\t\t<\/div>\n\t\t\t\t<\/div>\n\t\t\t\t\t<\/div>\n\t\t<\/div>\n\t\t\t\t<div class=\"elementor-column elementor-col-50 elementor-top-column elementor-element elementor-element-907c396\" data-id=\"907c396\" data-element_type=\"column\">\n\t\t\t<div class=\"elementor-widget-wrap elementor-element-populated\">\n\t\t\t\t\t\t<div class=\"elementor-element elementor-element-8a6e9d1 elementor-widget elementor-widget-wp-widget-wpforms-widget\" data-id=\"8a6e9d1\" data-element_type=\"widget\" data-widget_type=\"wp-widget-wpforms-widget.default\">\n\t\t\t\t<div class=\"elementor-widget-container\">\n\t\t\t\t\t<div class=\"wpforms-container inline-fields\" id=\"wpforms-9\"><form id=\"wpforms-form-9\" class=\"wpforms-validate wpforms-form\" data-formid=\"9\" method=\"post\" enctype=\"multipart\/form-data\" action=\"\/es\/wp-json\/wp\/v2\/pages\/3833\" data-token=\"671869fa60071352797bc9b86b73a6a1\"><noscript class=\"wpforms-error-noscript\">Por favor, activa JavaScript en tu navegador para completar este formulario.<\/noscript><div class=\"wpforms-field-container\"><div id=\"wpforms-9-field_1-container\" class=\"wpforms-field wpforms-field-email\" data-field-id=\"1\"><label class=\"wpforms-field-label wpforms-label-hide\" for=\"wpforms-9-field_1\">Email <span class=\"wpforms-required-label\">*<\/span><\/label><input type=\"email\" id=\"wpforms-9-field_1\" class=\"wpforms-field-large wpforms-field-required\" name=\"wpforms[fields][1]\" placeholder=\"Your email address\" spellcheck=\"false\" required><\/div><\/div><!-- .wpforms-field-container --><div class=\"wpforms-submit-container\" ><input type=\"hidden\" name=\"wpforms[id]\" value=\"9\"><input type=\"hidden\" name=\"wpforms[author]\" value=\"1\"><button type=\"submit\" name=\"wpforms[submit]\" id=\"wpforms-submit-9\" class=\"wpforms-submit\" data-alt-text=\"Sending...\" data-submit-text=\"Subscribe\" aria-live=\"assertive\" value=\"wpforms-submit\">Subscribe<\/button><\/div><\/form><\/div>  <!-- .wpforms-container -->\t\t\t\t<\/div>\n\t\t\t\t<\/div>\n\t\t\t\t\t<\/div>\n\t\t<\/div>\n\t\t\t\t\t<\/div>\n\t\t<\/section>\n\t\t\t\t<section class=\"elementor-section elementor-top-section elementor-element elementor-element-bba4fa8 elementor-section-boxed elementor-section-height-default elementor-section-height-default\" data-id=\"bba4fa8\" data-element_type=\"section\" data-settings=\"{&quot;background_background&quot;:&quot;classic&quot;}\">\n\t\t\t\t\t\t<div class=\"elementor-container elementor-column-gap-no\">\n\t\t\t\t\t<div class=\"elementor-column elementor-col-33 elementor-top-column elementor-element elementor-element-1540cc4\" data-id=\"1540cc4\" data-element_type=\"column\">\n\t\t\t<div class=\"elementor-widget-wrap elementor-element-populated\">\n\t\t\t\t\t\t<div class=\"elementor-element elementor-element-e2510c9 elementor-position-inline-start elementor-widget__width-auto elementor-widget-mobile__width-inherit elementor-view-default elementor-mobile-position-block-start elementor-widget elementor-widget-icon-box\" data-id=\"e2510c9\" data-element_type=\"widget\" data-widget_type=\"icon-box.default\">\n\t\t\t\t<div class=\"elementor-widget-container\">\n\t\t\t\t\t\t\t<div class=\"elementor-icon-box-wrapper\">\n\n\t\t\t\t\t\t<div class=\"elementor-icon-box-icon\">\n\t\t\t\t<span  class=\"elementor-icon\">\n\t\t\t\t<i aria-hidden=\"true\" class=\"fas fa-map-marker-alt\"><\/i>\t\t\t\t<\/span>\n\t\t\t<\/div>\n\t\t\t\n\t\t\t\t\t\t<div class=\"elementor-icon-box-content\">\n\n\t\t\t\t\t\t\t\t\t<h4 class=\"elementor-icon-box-title\">\n\t\t\t\t\t\t<span  >\n\t\t\t\t\t\t\tDirecci\u00f3n\t\t\t\t\t\t<\/span>\n\t\t\t\t\t<\/h4>\n\t\t\t\t\n\t\t\t\t\t\t\t\t\t<p class=\"elementor-icon-box-description\">\n\t\t\t\t\t\t2792 Pawtucket Ave, Rhode Island\t\t\t\t\t<\/p>\n\t\t\t\t\n\t\t\t<\/div>\n\t\t\t\n\t\t<\/div>\n\t\t\t\t\t\t<\/div>\n\t\t\t\t<\/div>\n\t\t\t\t\t<\/div>\n\t\t<\/div>\n\t\t\t\t<div class=\"elementor-column elementor-col-33 elementor-top-column elementor-element elementor-element-7093530\" data-id=\"7093530\" data-element_type=\"column\">\n\t\t\t<div class=\"elementor-widget-wrap elementor-element-populated\">\n\t\t\t\t\t\t<div class=\"elementor-element elementor-element-1e0c831 elementor-position-inline-start elementor-widget__width-auto elementor-widget-mobile__width-inherit elementor-view-default elementor-mobile-position-block-start elementor-widget elementor-widget-icon-box\" data-id=\"1e0c831\" data-element_type=\"widget\" data-widget_type=\"icon-box.default\">\n\t\t\t\t<div class=\"elementor-widget-container\">\n\t\t\t\t\t\t\t<div class=\"elementor-icon-box-wrapper\">\n\n\t\t\t\t\t\t<div class=\"elementor-icon-box-icon\">\n\t\t\t\t<span  class=\"elementor-icon\">\n\t\t\t\t<i aria-hidden=\"true\" class=\"fas fa-phone\"><\/i>\t\t\t\t<\/span>\n\t\t\t<\/div>\n\t\t\t\n\t\t\t\t\t\t<div class=\"elementor-icon-box-content\">\n\n\t\t\t\t\t\t\t\t\t<h4 class=\"elementor-icon-box-title\">\n\t\t\t\t\t\t<span  >\n\t\t\t\t\t\t\tLl\u00e1manos\t\t\t\t\t\t<\/span>\n\t\t\t\t\t<\/h4>\n\t\t\t\t\n\t\t\t\t\t\t\t\t\t<p class=\"elementor-icon-box-description\">\n\t\t\t\t\t\t+1 (401) 206-4550\t\t\t\t\t<\/p>\n\t\t\t\t\n\t\t\t<\/div>\n\t\t\t\n\t\t<\/div>\n\t\t\t\t\t\t<\/div>\n\t\t\t\t<\/div>\n\t\t\t\t\t<\/div>\n\t\t<\/div>\n\t\t\t\t<div class=\"elementor-column elementor-col-33 elementor-top-column elementor-element elementor-element-e6679d1\" data-id=\"e6679d1\" data-element_type=\"column\">\n\t\t\t<div class=\"elementor-widget-wrap elementor-element-populated\">\n\t\t\t\t\t\t<div class=\"elementor-element elementor-element-7d133f0 elementor-position-inline-start elementor-widget__width-auto elementor-widget-mobile__width-inherit elementor-view-default elementor-mobile-position-block-start elementor-widget elementor-widget-icon-box\" data-id=\"7d133f0\" data-element_type=\"widget\" data-widget_type=\"icon-box.default\">\n\t\t\t\t<div class=\"elementor-widget-container\">\n\t\t\t\t\t\t\t<div class=\"elementor-icon-box-wrapper\">\n\n\t\t\t\t\t\t<div class=\"elementor-icon-box-icon\">\n\t\t\t\t<a href=\"mailto:contact@buynoveltydoc.com\" class=\"elementor-icon\" tabindex=\"-1\" aria-label=\"Env\u00edenos un correo electr\u00f3nico\">\n\t\t\t\t<i aria-hidden=\"true\" class=\"fas fa-envelope\"><\/i>\t\t\t\t<\/a>\n\t\t\t<\/div>\n\t\t\t\n\t\t\t\t\t\t<div class=\"elementor-icon-box-content\">\n\n\t\t\t\t\t\t\t\t\t<h4 class=\"elementor-icon-box-title\">\n\t\t\t\t\t\t<a href=\"mailto:contact@buynoveltydoc.com\" >\n\t\t\t\t\t\t\tEnv\u00edenos un correo electr\u00f3nico\t\t\t\t\t\t<\/a>\n\t\t\t\t\t<\/h4>\n\t\t\t\t\n\t\t\t\t\t\t\t\t\t<p class=\"elementor-icon-box-description\">\n\t\t\t\t\t\tcontact@buynoveltydoc.com\t\t\t\t\t<\/p>\n\t\t\t\t\n\t\t\t<\/div>\n\t\t\t\n\t\t<\/div>\n\t\t\t\t\t\t<\/div>\n\t\t\t\t<\/div>\n\t\t\t\t\t<\/div>\n\t\t<\/div>\n\t\t\t\t\t<\/div>\n\t\t<\/section>\n\t\t\t\t<\/div>\n\t\t","protected":false},"excerpt":{"rendered":"<p>Comprar tarjeta de licencia de piloto real o falsa No dejes que los ex\u00e1menes y la formaci\u00f3n exhaustiva obstaculicen tus sue\u00f1os Compre una licencia de piloto falsa &#8211; \u00a1Cumpla sus sue\u00f1os de aviaci\u00f3n hoy! \u00bfSiempre has so\u00f1ado con surcar los cielos como piloto? El proceso de obtenci\u00f3n de una licencia de piloto puede ser desalentador, [&hellip;]<\/p>\n","protected":false},"author":1,"featured_media":0,"parent":0,"menu_order":0,"comment_status":"closed","ping_status":"closed","template":"","meta":{"site-sidebar-layout":"no-sidebar","site-content-layout":"page-builder","ast-site-content-layout":"full-width-container","site-content-style":"unboxed","site-sidebar-style":"unboxed","ast-global-header-display":"","ast-banner-title-visibility":"","ast-main-header-display":"","ast-hfb-above-header-display":"","ast-hfb-below-header-display":"","ast-hfb-mobile-header-display":"","site-post-title":"disabled","ast-breadcrumbs-content":"","ast-featured-img":"disabled","footer-sml-layout":"","theme-transparent-header-meta":"enabled","adv-header-id-meta":"","stick-header-meta":"","header-above-stick-meta":"","header-main-stick-meta":"","header-below-stick-meta":"","astra-migrate-meta-layouts":"default","ast-page-background-enabled":"default","ast-page-background-meta":{"desktop":{"background-color":"","background-image":"","background-repeat":"repeat","background-position":"center center","background-size":"auto","background-attachment":"scroll","background-type":"","background-media":"","overlay-type":"","overlay-color":"","overlay-opacity":"","overlay-gradient":""},"tablet":{"background-color":"","background-image":"","background-repeat":"repeat","background-position":"center center","background-size":"auto","background-attachment":"scroll","background-type":"","background-media":"","overlay-type":"","overlay-color":"","overlay-opacity":"","overlay-gradient":""},"mobile":{"background-color":"","background-image":"","background-repeat":"repeat","background-position":"center center","background-size":"auto","background-attachment":"scroll","background-type":"","background-media":"","overlay-type":"","overlay-color":"","overlay-opacity":"","overlay-gradient":""}},"ast-content-background-meta":{"desktop":{"background-color":"var(--ast-global-color-5)","background-image":"","background-repeat":"repeat","background-position":"center center","background-size":"auto","background-attachment":"scroll","background-type":"","background-media":"","overlay-type":"","overlay-color":"","overlay-opacity":"","overlay-gradient":""},"tablet":{"background-color":"var(--ast-global-color-5)","background-image":"","background-repeat":"repeat","background-position":"center center","background-size":"auto","background-attachment":"scroll","background-type":"","background-media":"","overlay-type":"","overlay-color":"","overlay-opacity":"","overlay-gradient":""},"mobile":{"background-color":"var(--ast-global-color-5)","background-image":"","background-repeat":"repeat","background-position":"center center","background-size":"auto","background-attachment":"scroll","background-type":"","background-media":"","overlay-type":"","overlay-color":"","overlay-opacity":"","overlay-gradient":""}},"footnotes":""},"class_list":["post-3833","page","type-page","status-publish","hentry"],"_links":{"self":[{"href":"https:\/\/buynoveltydoc.com\/es\/wp-json\/wp\/v2\/pages\/3833","targetHints":{"allow":["GET"]}}],"collection":[{"href":"https:\/\/buynoveltydoc.com\/es\/wp-json\/wp\/v2\/pages"}],"about":[{"href":"https:\/\/buynoveltydoc.com\/es\/wp-json\/wp\/v2\/types\/page"}],"author":[{"embeddable":true,"href":"https:\/\/buynoveltydoc.com\/es\/wp-json\/wp\/v2\/users\/1"}],"replies":[{"embeddable":true,"href":"https:\/\/buynoveltydoc.com\/es\/wp-json\/wp\/v2\/comments?post=3833"}],"version-history":[{"count":0,"href":"https:\/\/buynoveltydoc.com\/es\/wp-json\/wp\/v2\/pages\/3833\/revisions"}],"wp:attachment":[{"href":"https:\/\/buynoveltydoc.com\/es\/wp-json\/wp\/v2\/media?parent=3833"}],"curies":[{"name":"wp","href":"https:\/\/api.w.org\/{rel}","templated":true}]}}