{"id":3789,"date":"2023-09-01T23:07:02","date_gmt":"2023-09-01T22:07:02","guid":{"rendered":"https:\/\/buynoveltydoc.com\/acheter-licence-pilote\/"},"modified":"2024-05-28T16:12:12","modified_gmt":"2024-05-28T15:12:12","slug":"acheter-licence-pilote","status":"publish","type":"page","link":"https:\/\/buynoveltydoc.com\/fr\/acheter-licence-pilote\/","title":{"rendered":"Acheter des licences de pilote"},"content":{"rendered":"\t\t<div data-elementor-type=\"wp-page\" data-elementor-id=\"3789\" class=\"elementor elementor-3789 elementor-481\">\n\t\t\t\t\t\t<section class=\"elementor-section elementor-top-section elementor-element elementor-element-bc8fc01 elementor-section-boxed elementor-section-height-default elementor-section-height-default\" data-id=\"bc8fc01\" data-element_type=\"section\">\n\t\t\t\t\t\t\t<div class=\"elementor-background-overlay\"><\/div>\n\t\t\t\t\t\t\t<div class=\"elementor-container elementor-column-gap-no\">\n\t\t\t\t\t<div class=\"elementor-column elementor-col-100 elementor-top-column elementor-element elementor-element-a5d3828\" data-id=\"a5d3828\" data-element_type=\"column\">\n\t\t\t<div class=\"elementor-widget-wrap elementor-element-populated\">\n\t\t\t\t\t\t<div class=\"elementor-element elementor-element-00ee863 elementor-widget elementor-widget-heading\" data-id=\"00ee863\" data-element_type=\"widget\" data-widget_type=\"heading.default\">\n\t\t\t\t<div class=\"elementor-widget-container\">\n\t\t\t\t\t<h1 class=\"elementor-heading-title elementor-size-default\">Acheter une vraie ou une fausse carte de licence de pilote<\/h1>\t\t\t\t<\/div>\n\t\t\t\t<\/div>\n\t\t\t\t<div class=\"elementor-element elementor-element-055f194 elementor-widget elementor-widget-text-editor\" data-id=\"055f194\" data-element_type=\"widget\" data-widget_type=\"text-editor.default\">\n\t\t\t\t<div class=\"elementor-widget-container\">\n\t\t\t\t\t\t\t\t\t<h3>Ne laissez pas les examens et la formation intensive entraver vos r\u00eaves<\/h3>\n\t\t\t\t\t\t\t\t<\/div>\n\t\t\t\t<\/div>\n\t\t\t\t<div class=\"elementor-element elementor-element-4f7b21b elementor-widget elementor-widget-image\" data-id=\"4f7b21b\" data-element_type=\"widget\" data-widget_type=\"image.default\">\n\t\t\t\t<div class=\"elementor-widget-container\">\n\t\t\t\t\t\t\t\t\t\t\t\t\t\t\t<img fetchpriority=\"high\" decoding=\"async\" width=\"1600\" height=\"1067\" src=\"https:\/\/buynoveltydoc.com\/wp-content\/uploads\/2023\/10\/18-1.jpg\" class=\"attachment-full size-full wp-image-891\" alt=\"buy pilot license\" srcset=\"https:\/\/buynoveltydoc.com\/wp-content\/uploads\/2023\/10\/18-1.jpg 1600w, https:\/\/buynoveltydoc.com\/wp-content\/uploads\/2023\/10\/18-1-300x200.jpg 300w, https:\/\/buynoveltydoc.com\/wp-content\/uploads\/2023\/10\/18-1-1024x683.jpg 1024w, https:\/\/buynoveltydoc.com\/wp-content\/uploads\/2023\/10\/18-1-768x512.jpg 768w, https:\/\/buynoveltydoc.com\/wp-content\/uploads\/2023\/10\/18-1-1536x1024.jpg 1536w\" sizes=\"(max-width: 1600px) 100vw, 1600px\" \/>\t\t\t\t\t\t\t\t\t\t\t\t\t\t\t<\/div>\n\t\t\t\t<\/div>\n\t\t\t\t\t<\/div>\n\t\t<\/div>\n\t\t\t\t\t<\/div>\n\t\t<\/section>\n\t\t\t\t<section class=\"elementor-section elementor-top-section elementor-element elementor-element-203e937 elementor-section-boxed elementor-section-height-default elementor-section-height-default\" data-id=\"203e937\" data-element_type=\"section\">\n\t\t\t\t\t\t\t<div class=\"elementor-background-overlay\"><\/div>\n\t\t\t\t\t\t\t<div class=\"elementor-container elementor-column-gap-no\">\n\t\t\t\t\t<div class=\"elementor-column elementor-col-100 elementor-top-column elementor-element elementor-element-3061d9e\" data-id=\"3061d9e\" data-element_type=\"column\">\n\t\t\t<div class=\"elementor-widget-wrap elementor-element-populated\">\n\t\t\t\t\t\t<div class=\"elementor-element elementor-element-33162ba elementor-widget elementor-widget-text-editor\" data-id=\"33162ba\" data-element_type=\"widget\" data-widget_type=\"text-editor.default\">\n\t\t\t\t<div class=\"elementor-widget-container\">\n\t\t\t\t\t\t\t\t\t<h3>Achetez une fausse licence de pilote &#8211; r\u00e9alisez vos r\u00eaves d\u2019aviation d\u00e8s aujourd\u2019hui !<\/h3>\n<p>Vous avez toujours r\u00eav\u00e9 de vous envoler dans le ciel en tant que pilote ? Le processus d\u2019obtention d\u2019une licence de pilote peut \u00eatre d\u00e9courageant, avec des examens et une formation approfondie qui n\u00e9cessitent un investissement important en temps et en argent. Les \u00e9coles de pilotage traditionnelles exigent souvent que les individus s\u2019absentent du travail et paient pour une formation co\u00fbteuse, ce qui la rend inaccessible pour de nombreux aspirants pilotes. Cependant, il existe une alternative qui peut faire de votre r\u00eave une r\u00e9alit\u00e9 : acheter une licence de pilote en ligne.<\/p>\n<h3>La commodit\u00e9 des licences de pilote en ligne<\/h3>\n<p>Chez Novelty Document Maker, nous proposons une solution efficace pour ceux qui souhaitent obtenir une licence de pilote sans passer par le processus de formation traditionnel. Nos licences, bien que non destin\u00e9es \u00e0 \u00eatre utilis\u00e9es comme documents juridiques, sont parfaites pour les passionn\u00e9s d\u2019aviation qui souhaitent accrocher une r\u00e9plique de leur licence au mur ou simplement r\u00e9aliser leur r\u00eave de devenir pilote.<\/p>\n<h3>Une vari\u00e9t\u00e9 d\u2019options de licence<\/h3>\n<p>Nous fournissons une large gamme de licences pour r\u00e9pondre \u00e0 diff\u00e9rentes aspirations. Que vous soyez int\u00e9ress\u00e9 par des licences de pilote priv\u00e9, des licences de pilote professionnel ou des licences d\u2019h\u00e9licopt\u00e8re, nous avons ce qu\u2019il vous faut. Nos licences sont disponibles \u00e0 l\u2019achat sur notre site Web et nous garantissons une livraison dans un d\u00e9lai de 2 \u00e0 5 jours ouvrables. Pour r\u00e9pondre aux diff\u00e9rentes pr\u00e9f\u00e9rences, nous proposons diff\u00e9rentes options de paiement, notamment Bitcoin, virement bancaire et Ria.<\/p>\n<h3>R\u00e9pliques de haute qualit\u00e9<\/h3>\n<p>Chez Novelty Document Maker, nous privil\u00e9gions la qualit\u00e9. Nos licences sont fabriqu\u00e9es \u00e0 l\u2019aide des meilleurs mat\u00e9riaux pour reproduire l\u2019aspect et la convivialit\u00e9 des licences r\u00e9elles. Nous accordons une attention particuli\u00e8re \u00e0 l\u2019exactitude, en veillant \u00e0 ce que chaque licence soit un produit impeccable. Bien qu\u2019elles ne soient pas utilis\u00e9es comme documents juridiques, ces licences sont le moyen id\u00e9al de mettre en valeur votre passion pour l\u2019aviation. Accrochez-les dans votre bureau ou \u00e0 la maison, ou offrez-les \u00e0 d\u2019autres passionn\u00e9s d\u2019aviation.<\/p>\n<p>En plus de la licence de pilote, nous proposons une s\u00e9lection vari\u00e9e d\u2019articles de fantaisie, allant des <a href=\"https:\/\/buynoveltydoc.com\/fr\/acheter-permis-de-conduire\/\">permis de conduire<\/a> aux <a href=\"https:\/\/buynoveltydoc.com\/fr\/achat-passeport-en-ligne\/\">passeports<\/a> et aux <a href=\"https:\/\/buynoveltydoc.com\/fr\/acheter-carte-didentite-en-ligne\/\">cartes d\u2019identit\u00e9<\/a>. Tous nos produits sont fabriqu\u00e9s avec le plus grand soin, en utilisant des mat\u00e9riaux de haute qualit\u00e9 pour cr\u00e9er des r\u00e9pliques r\u00e9alistes.<\/p>\n<h3>Engagement envers la satisfaction du client<\/h3>\n<p>Chez Novelty Document Maker, nous sommes tr\u00e8s fiers de fournir \u00e0 nos clients des produits et des services de la plus haute qualit\u00e9. Votre satisfaction est notre priorit\u00e9 absolue et nous nous engageons \u00e0 faire en sorte que vous soyez satisfait de votre achat. Notre engagement envers l\u2019excellence s\u2019\u00e9tend au-del\u00e0 de nos licences, englobant toute notre gamme de produits et de services.<\/p>\n<h3>Faites de votre r\u00eave d\u2019aviation une r\u00e9alit\u00e9 d\u00e8s aujourd\u2019hui<\/h3>\n<p>En conclusion, l\u2019achat d\u2019une <a href=\"https:\/\/www.faa.gov\/pilots\/become\" target=\"_blank\" rel=\"noopener\">licence de pilote<\/a> en ligne offre un moyen pratique et accessible de r\u00e9aliser votre r\u00eave de devenir pilote. Nos licences sont pr\u00e9cises, d\u00e9taill\u00e9es et de la plus haute qualit\u00e9, ce qui les rend id\u00e9ales pour l\u2019affichage ou les cadeaux. Contactez-nous d\u00e8s aujourd\u2019hui pour en savoir plus sur nos produits et services exceptionnels.<\/p>\n\t\t\t\t\t\t\t\t<\/div>\n\t\t\t\t<\/div>\n\t\t\t\t<section class=\"elementor-section elementor-inner-section elementor-element elementor-element-e790fe0 elementor-section-boxed elementor-section-height-default elementor-section-height-default\" data-id=\"e790fe0\" data-element_type=\"section\">\n\t\t\t\t\t\t<div class=\"elementor-container elementor-column-gap-no\">\n\t\t\t\t\t<div class=\"elementor-column elementor-col-50 elementor-inner-column elementor-element elementor-element-4103332\" data-id=\"4103332\" data-element_type=\"column\">\n\t\t\t<div class=\"elementor-widget-wrap elementor-element-populated\">\n\t\t\t\t\t\t<div class=\"elementor-element elementor-element-ad71764 elementor-widget elementor-widget-image\" data-id=\"ad71764\" data-element_type=\"widget\" data-widget_type=\"image.default\">\n\t\t\t\t<div class=\"elementor-widget-container\">\n\t\t\t\t\t\t\t\t\t\t\t\t\t\t\t<img decoding=\"async\" width=\"1024\" height=\"683\" src=\"https:\/\/buynoveltydoc.com\/wp-content\/uploads\/2023\/10\/17-1-1024x683.jpg\" class=\"attachment-large size-large wp-image-890\" alt=\"fake pilot license\" srcset=\"https:\/\/buynoveltydoc.com\/wp-content\/uploads\/2023\/10\/17-1-1024x683.jpg 1024w, https:\/\/buynoveltydoc.com\/wp-content\/uploads\/2023\/10\/17-1-300x200.jpg 300w, https:\/\/buynoveltydoc.com\/wp-content\/uploads\/2023\/10\/17-1-768x512.jpg 768w, https:\/\/buynoveltydoc.com\/wp-content\/uploads\/2023\/10\/17-1-1536x1024.jpg 1536w, https:\/\/buynoveltydoc.com\/wp-content\/uploads\/2023\/10\/17-1.jpg 1600w\" sizes=\"(max-width: 1024px) 100vw, 1024px\" \/>\t\t\t\t\t\t\t\t\t\t\t\t\t\t\t<\/div>\n\t\t\t\t<\/div>\n\t\t\t\t\t<\/div>\n\t\t<\/div>\n\t\t\t\t<div class=\"elementor-column elementor-col-50 elementor-inner-column elementor-element elementor-element-47033ed\" data-id=\"47033ed\" data-element_type=\"column\">\n\t\t\t<div class=\"elementor-widget-wrap elementor-element-populated\">\n\t\t\t\t\t\t<div class=\"elementor-element elementor-element-735baa4 elementor-widget elementor-widget-image\" data-id=\"735baa4\" data-element_type=\"widget\" data-widget_type=\"image.default\">\n\t\t\t\t<div class=\"elementor-widget-container\">\n\t\t\t\t\t\t\t\t\t\t\t\t\t\t\t<img decoding=\"async\" width=\"1024\" height=\"683\" src=\"https:\/\/buynoveltydoc.com\/wp-content\/uploads\/2023\/10\/19-1-1024x683.jpg\" class=\"attachment-large size-large wp-image-892\" alt=\"buy fake ppl license\" srcset=\"https:\/\/buynoveltydoc.com\/wp-content\/uploads\/2023\/10\/19-1-1024x683.jpg 1024w, https:\/\/buynoveltydoc.com\/wp-content\/uploads\/2023\/10\/19-1-300x200.jpg 300w, https:\/\/buynoveltydoc.com\/wp-content\/uploads\/2023\/10\/19-1-768x512.jpg 768w, https:\/\/buynoveltydoc.com\/wp-content\/uploads\/2023\/10\/19-1-1536x1024.jpg 1536w, https:\/\/buynoveltydoc.com\/wp-content\/uploads\/2023\/10\/19-1.jpg 1600w\" sizes=\"(max-width: 1024px) 100vw, 1024px\" \/>\t\t\t\t\t\t\t\t\t\t\t\t\t\t\t<\/div>\n\t\t\t\t<\/div>\n\t\t\t\t\t<\/div>\n\t\t<\/div>\n\t\t\t\t\t<\/div>\n\t\t<\/section>\n\t\t\t\t\t<\/div>\n\t\t<\/div>\n\t\t\t\t\t<\/div>\n\t\t<\/section>\n\t\t\t\t<section class=\"elementor-section elementor-top-section elementor-element elementor-element-4271066 elementor-section-boxed elementor-section-height-default elementor-section-height-default\" data-id=\"4271066\" data-element_type=\"section\" data-settings=\"{&quot;background_background&quot;:&quot;classic&quot;}\">\n\t\t\t\t\t\t\t<div class=\"elementor-background-overlay\"><\/div>\n\t\t\t\t\t\t\t<div class=\"elementor-container elementor-column-gap-no\">\n\t\t\t\t\t<div class=\"elementor-column elementor-col-50 elementor-top-column elementor-element elementor-element-b5bef14\" data-id=\"b5bef14\" data-element_type=\"column\">\n\t\t\t<div class=\"elementor-widget-wrap elementor-element-populated\">\n\t\t\t\t\t\t<div class=\"elementor-element elementor-element-9021dec elementor-view-stacked elementor-position-inline-start elementor-shape-circle elementor-mobile-position-block-start elementor-widget elementor-widget-icon-box\" data-id=\"9021dec\" data-element_type=\"widget\" data-widget_type=\"icon-box.default\">\n\t\t\t\t<div class=\"elementor-widget-container\">\n\t\t\t\t\t\t\t<div class=\"elementor-icon-box-wrapper\">\n\n\t\t\t\t\t\t<div class=\"elementor-icon-box-icon\">\n\t\t\t\t<span  class=\"elementor-icon\">\n\t\t\t\t<i aria-hidden=\"true\" class=\"fas fa-envelope-open-text\"><\/i>\t\t\t\t<\/span>\n\t\t\t<\/div>\n\t\t\t\n\t\t\t\t\t\t<div class=\"elementor-icon-box-content\">\n\n\t\t\t\t\t\t\t\t\t<h3 class=\"elementor-icon-box-title\">\n\t\t\t\t\t\t<span  >\n\t\t\t\t\t\t\tAbonnez-vous \u00e0 notre newsletter\t\t\t\t\t\t<\/span>\n\t\t\t\t\t<\/h3>\n\t\t\t\t\n\t\t\t\t\t\t\t\t\t<p class=\"elementor-icon-box-description\">\n\t\t\t\t\t\tRestez en contact avec nous pour obtenir les derni\u00e8res nouvelles et offres sp\u00e9ciales.\t\t\t\t\t<\/p>\n\t\t\t\t\n\t\t\t<\/div>\n\t\t\t\n\t\t<\/div>\n\t\t\t\t\t\t<\/div>\n\t\t\t\t<\/div>\n\t\t\t\t\t<\/div>\n\t\t<\/div>\n\t\t\t\t<div class=\"elementor-column elementor-col-50 elementor-top-column elementor-element elementor-element-907c396\" data-id=\"907c396\" data-element_type=\"column\">\n\t\t\t<div class=\"elementor-widget-wrap elementor-element-populated\">\n\t\t\t\t\t\t<div class=\"elementor-element elementor-element-8a6e9d1 elementor-widget elementor-widget-wp-widget-wpforms-widget\" data-id=\"8a6e9d1\" data-element_type=\"widget\" data-widget_type=\"wp-widget-wpforms-widget.default\">\n\t\t\t\t<div class=\"elementor-widget-container\">\n\t\t\t\t\t<div class=\"wpforms-container inline-fields\" id=\"wpforms-9\"><form id=\"wpforms-form-9\" class=\"wpforms-validate wpforms-form\" data-formid=\"9\" method=\"post\" enctype=\"multipart\/form-data\" action=\"\/fr\/wp-json\/wp\/v2\/pages\/3789\" data-token=\"671869fa60071352797bc9b86b73a6a1\"><noscript class=\"wpforms-error-noscript\">Veuillez activer JavaScript dans votre navigateur pour remplir ce formulaire.<\/noscript><div class=\"wpforms-field-container\"><div id=\"wpforms-9-field_1-container\" class=\"wpforms-field wpforms-field-email\" data-field-id=\"1\"><label class=\"wpforms-field-label wpforms-label-hide\" for=\"wpforms-9-field_1\">Email <span class=\"wpforms-required-label\">*<\/span><\/label><input type=\"email\" id=\"wpforms-9-field_1\" class=\"wpforms-field-large wpforms-field-required\" name=\"wpforms[fields][1]\" placeholder=\"Your email address\" spellcheck=\"false\" required><\/div><\/div><!-- .wpforms-field-container --><div class=\"wpforms-submit-container\" ><input type=\"hidden\" name=\"wpforms[id]\" value=\"9\"><input type=\"hidden\" name=\"wpforms[author]\" value=\"1\"><button type=\"submit\" name=\"wpforms[submit]\" id=\"wpforms-submit-9\" class=\"wpforms-submit\" data-alt-text=\"Sending...\" data-submit-text=\"Subscribe\" aria-live=\"assertive\" value=\"wpforms-submit\">Subscribe<\/button><\/div><\/form><\/div>  <!-- .wpforms-container -->\t\t\t\t<\/div>\n\t\t\t\t<\/div>\n\t\t\t\t\t<\/div>\n\t\t<\/div>\n\t\t\t\t\t<\/div>\n\t\t<\/section>\n\t\t\t\t<section class=\"elementor-section elementor-top-section elementor-element elementor-element-bba4fa8 elementor-section-boxed elementor-section-height-default elementor-section-height-default\" data-id=\"bba4fa8\" data-element_type=\"section\" data-settings=\"{&quot;background_background&quot;:&quot;classic&quot;}\">\n\t\t\t\t\t\t<div class=\"elementor-container elementor-column-gap-no\">\n\t\t\t\t\t<div class=\"elementor-column elementor-col-33 elementor-top-column elementor-element elementor-element-1540cc4\" data-id=\"1540cc4\" data-element_type=\"column\">\n\t\t\t<div class=\"elementor-widget-wrap elementor-element-populated\">\n\t\t\t\t\t\t<div class=\"elementor-element elementor-element-e2510c9 elementor-position-inline-start elementor-widget__width-auto elementor-widget-mobile__width-inherit elementor-view-default elementor-mobile-position-block-start elementor-widget elementor-widget-icon-box\" data-id=\"e2510c9\" data-element_type=\"widget\" data-widget_type=\"icon-box.default\">\n\t\t\t\t<div class=\"elementor-widget-container\">\n\t\t\t\t\t\t\t<div class=\"elementor-icon-box-wrapper\">\n\n\t\t\t\t\t\t<div class=\"elementor-icon-box-icon\">\n\t\t\t\t<span  class=\"elementor-icon\">\n\t\t\t\t<i aria-hidden=\"true\" class=\"fas fa-map-marker-alt\"><\/i>\t\t\t\t<\/span>\n\t\t\t<\/div>\n\t\t\t\n\t\t\t\t\t\t<div class=\"elementor-icon-box-content\">\n\n\t\t\t\t\t\t\t\t\t<h4 class=\"elementor-icon-box-title\">\n\t\t\t\t\t\t<span  >\n\t\t\t\t\t\t\tAdresse\t\t\t\t\t\t<\/span>\n\t\t\t\t\t<\/h4>\n\t\t\t\t\n\t\t\t\t\t\t\t\t\t<p class=\"elementor-icon-box-description\">\n\t\t\t\t\t\t2792 Pawtucket Ave, Rhode Island\t\t\t\t\t<\/p>\n\t\t\t\t\n\t\t\t<\/div>\n\t\t\t\n\t\t<\/div>\n\t\t\t\t\t\t<\/div>\n\t\t\t\t<\/div>\n\t\t\t\t\t<\/div>\n\t\t<\/div>\n\t\t\t\t<div class=\"elementor-column elementor-col-33 elementor-top-column elementor-element elementor-element-7093530\" data-id=\"7093530\" data-element_type=\"column\">\n\t\t\t<div class=\"elementor-widget-wrap elementor-element-populated\">\n\t\t\t\t\t\t<div class=\"elementor-element elementor-element-1e0c831 elementor-position-inline-start elementor-widget__width-auto elementor-widget-mobile__width-inherit elementor-view-default elementor-mobile-position-block-start elementor-widget elementor-widget-icon-box\" data-id=\"1e0c831\" data-element_type=\"widget\" data-widget_type=\"icon-box.default\">\n\t\t\t\t<div class=\"elementor-widget-container\">\n\t\t\t\t\t\t\t<div class=\"elementor-icon-box-wrapper\">\n\n\t\t\t\t\t\t<div class=\"elementor-icon-box-icon\">\n\t\t\t\t<span  class=\"elementor-icon\">\n\t\t\t\t<i aria-hidden=\"true\" class=\"fas fa-phone\"><\/i>\t\t\t\t<\/span>\n\t\t\t<\/div>\n\t\t\t\n\t\t\t\t\t\t<div class=\"elementor-icon-box-content\">\n\n\t\t\t\t\t\t\t\t\t<h4 class=\"elementor-icon-box-title\">\n\t\t\t\t\t\t<span  >\n\t\t\t\t\t\t\tAppelez-nous\t\t\t\t\t\t<\/span>\n\t\t\t\t\t<\/h4>\n\t\t\t\t\n\t\t\t\t\t\t\t\t\t<p class=\"elementor-icon-box-description\">\n\t\t\t\t\t\t+1 (401) 206-4550\t\t\t\t\t<\/p>\n\t\t\t\t\n\t\t\t<\/div>\n\t\t\t\n\t\t<\/div>\n\t\t\t\t\t\t<\/div>\n\t\t\t\t<\/div>\n\t\t\t\t\t<\/div>\n\t\t<\/div>\n\t\t\t\t<div class=\"elementor-column elementor-col-33 elementor-top-column elementor-element elementor-element-e6679d1\" data-id=\"e6679d1\" data-element_type=\"column\">\n\t\t\t<div class=\"elementor-widget-wrap elementor-element-populated\">\n\t\t\t\t\t\t<div class=\"elementor-element elementor-element-7d133f0 elementor-position-inline-start elementor-widget__width-auto elementor-widget-mobile__width-inherit elementor-view-default elementor-mobile-position-block-start elementor-widget elementor-widget-icon-box\" data-id=\"7d133f0\" data-element_type=\"widget\" data-widget_type=\"icon-box.default\">\n\t\t\t\t<div class=\"elementor-widget-container\">\n\t\t\t\t\t\t\t<div class=\"elementor-icon-box-wrapper\">\n\n\t\t\t\t\t\t<div class=\"elementor-icon-box-icon\">\n\t\t\t\t<a href=\"mailto:contact@buynoveltydoc.com\" class=\"elementor-icon\" tabindex=\"-1\" aria-label=\"Envoyez-nous un e-mail\">\n\t\t\t\t<i aria-hidden=\"true\" class=\"fas fa-envelope\"><\/i>\t\t\t\t<\/a>\n\t\t\t<\/div>\n\t\t\t\n\t\t\t\t\t\t<div class=\"elementor-icon-box-content\">\n\n\t\t\t\t\t\t\t\t\t<h4 class=\"elementor-icon-box-title\">\n\t\t\t\t\t\t<a href=\"mailto:contact@buynoveltydoc.com\" >\n\t\t\t\t\t\t\tEnvoyez-nous un e-mail\t\t\t\t\t\t<\/a>\n\t\t\t\t\t<\/h4>\n\t\t\t\t\n\t\t\t\t\t\t\t\t\t<p class=\"elementor-icon-box-description\">\n\t\t\t\t\t\tcontact@buynoveltydoc.com\t\t\t\t\t<\/p>\n\t\t\t\t\n\t\t\t<\/div>\n\t\t\t\n\t\t<\/div>\n\t\t\t\t\t\t<\/div>\n\t\t\t\t<\/div>\n\t\t\t\t\t<\/div>\n\t\t<\/div>\n\t\t\t\t\t<\/div>\n\t\t<\/section>\n\t\t\t\t<\/div>\n\t\t","protected":false},"excerpt":{"rendered":"<p>Acheter une vraie ou une fausse carte de licence de pilote Ne laissez pas les examens et la formation intensive entraver vos r\u00eaves Achetez une fausse licence de pilote &#8211; r\u00e9alisez vos r\u00eaves d\u2019aviation d\u00e8s aujourd\u2019hui ! Vous avez toujours r\u00eav\u00e9 de vous envoler dans le ciel en tant que pilote ? Le processus d\u2019obtention [&hellip;]<\/p>\n","protected":false},"author":1,"featured_media":0,"parent":0,"menu_order":0,"comment_status":"closed","ping_status":"closed","template":"","meta":{"site-sidebar-layout":"no-sidebar","site-content-layout":"page-builder","ast-site-content-layout":"full-width-container","site-content-style":"unboxed","site-sidebar-style":"unboxed","ast-global-header-display":"","ast-banner-title-visibility":"","ast-main-header-display":"","ast-hfb-above-header-display":"","ast-hfb-below-header-display":"","ast-hfb-mobile-header-display":"","site-post-title":"disabled","ast-breadcrumbs-content":"","ast-featured-img":"disabled","footer-sml-layout":"","theme-transparent-header-meta":"enabled","adv-header-id-meta":"","stick-header-meta":"","header-above-stick-meta":"","header-main-stick-meta":"","header-below-stick-meta":"","astra-migrate-meta-layouts":"default","ast-page-background-enabled":"default","ast-page-background-meta":{"desktop":{"background-color":"","background-image":"","background-repeat":"repeat","background-position":"center center","background-size":"auto","background-attachment":"scroll","background-type":"","background-media":"","overlay-type":"","overlay-color":"","overlay-opacity":"","overlay-gradient":""},"tablet":{"background-color":"","background-image":"","background-repeat":"repeat","background-position":"center center","background-size":"auto","background-attachment":"scroll","background-type":"","background-media":"","overlay-type":"","overlay-color":"","overlay-opacity":"","overlay-gradient":""},"mobile":{"background-color":"","background-image":"","background-repeat":"repeat","background-position":"center center","background-size":"auto","background-attachment":"scroll","background-type":"","background-media":"","overlay-type":"","overlay-color":"","overlay-opacity":"","overlay-gradient":""}},"ast-content-background-meta":{"desktop":{"background-color":"var(--ast-global-color-5)","background-image":"","background-repeat":"repeat","background-position":"center center","background-size":"auto","background-attachment":"scroll","background-type":"","background-media":"","overlay-type":"","overlay-color":"","overlay-opacity":"","overlay-gradient":""},"tablet":{"background-color":"var(--ast-global-color-5)","background-image":"","background-repeat":"repeat","background-position":"center center","background-size":"auto","background-attachment":"scroll","background-type":"","background-media":"","overlay-type":"","overlay-color":"","overlay-opacity":"","overlay-gradient":""},"mobile":{"background-color":"var(--ast-global-color-5)","background-image":"","background-repeat":"repeat","background-position":"center center","background-size":"auto","background-attachment":"scroll","background-type":"","background-media":"","overlay-type":"","overlay-color":"","overlay-opacity":"","overlay-gradient":""}},"footnotes":""},"class_list":["post-3789","page","type-page","status-publish","hentry"],"_links":{"self":[{"href":"https:\/\/buynoveltydoc.com\/fr\/wp-json\/wp\/v2\/pages\/3789","targetHints":{"allow":["GET"]}}],"collection":[{"href":"https:\/\/buynoveltydoc.com\/fr\/wp-json\/wp\/v2\/pages"}],"about":[{"href":"https:\/\/buynoveltydoc.com\/fr\/wp-json\/wp\/v2\/types\/page"}],"author":[{"embeddable":true,"href":"https:\/\/buynoveltydoc.com\/fr\/wp-json\/wp\/v2\/users\/1"}],"replies":[{"embeddable":true,"href":"https:\/\/buynoveltydoc.com\/fr\/wp-json\/wp\/v2\/comments?post=3789"}],"version-history":[{"count":0,"href":"https:\/\/buynoveltydoc.com\/fr\/wp-json\/wp\/v2\/pages\/3789\/revisions"}],"wp:attachment":[{"href":"https:\/\/buynoveltydoc.com\/fr\/wp-json\/wp\/v2\/media?parent=3789"}],"curies":[{"name":"wp","href":"https:\/\/api.w.org\/{rel}","templated":true}]}}