{"id":1600,"date":"2023-09-26T15:11:44","date_gmt":"2023-09-26T14:11:44","guid":{"rendered":"https:\/\/buynoveltydoc.com\/acquistare-certificato-di-nascita\/"},"modified":"2024-05-28T15:49:54","modified_gmt":"2024-05-28T14:49:54","slug":"acquistare-certificato-di-nascita","status":"publish","type":"page","link":"https:\/\/buynoveltydoc.com\/it\/acquistare-certificato-di-nascita\/","title":{"rendered":"Acquista certificati di nascita"},"content":{"rendered":"\t\t<div data-elementor-type=\"wp-page\" data-elementor-id=\"1600\" class=\"elementor elementor-1600 elementor-631\">\n\t\t\t\t\t\t<section class=\"elementor-section elementor-top-section elementor-element elementor-element-bc8fc01 elementor-section-boxed elementor-section-height-default elementor-section-height-default\" data-id=\"bc8fc01\" data-element_type=\"section\">\n\t\t\t\t\t\t\t<div class=\"elementor-background-overlay\"><\/div>\n\t\t\t\t\t\t\t<div class=\"elementor-container elementor-column-gap-no\">\n\t\t\t\t\t<div class=\"elementor-column elementor-col-100 elementor-top-column elementor-element elementor-element-a5d3828\" data-id=\"a5d3828\" data-element_type=\"column\">\n\t\t\t<div class=\"elementor-widget-wrap elementor-element-populated\">\n\t\t\t\t\t\t<div class=\"elementor-element elementor-element-00ee863 elementor-widget elementor-widget-heading\" data-id=\"00ee863\" data-element_type=\"widget\" data-widget_type=\"heading.default\">\n\t\t\t\t<div class=\"elementor-widget-container\">\n\t\t\t\t\t<h1 class=\"elementor-heading-title elementor-size-default\">Acquista un certificato di nascita vero o falso<\/h1>\t\t\t\t<\/div>\n\t\t\t\t<\/div>\n\t\t\t\t<div class=\"elementor-element elementor-element-055f194 elementor-widget elementor-widget-text-editor\" data-id=\"055f194\" data-element_type=\"widget\" data-widget_type=\"text-editor.default\">\n\t\t\t\t<div class=\"elementor-widget-container\">\n\t\t\t\t\t\t\t\t\t<h3>La tua guida definitiva all&#8217;acquisto di certificati di nascita falsi realistici online<\/h3>\n\t\t\t\t\t\t\t\t<\/div>\n\t\t\t\t<\/div>\n\t\t\t\t<div class=\"elementor-element elementor-element-4f7b21b elementor-widget elementor-widget-image\" data-id=\"4f7b21b\" data-element_type=\"widget\" data-widget_type=\"image.default\">\n\t\t\t\t<div class=\"elementor-widget-container\">\n\t\t\t\t\t\t\t\t\t\t\t\t\t\t\t<img fetchpriority=\"high\" decoding=\"async\" width=\"1600\" height=\"1067\" src=\"https:\/\/buynoveltydoc.com\/wp-content\/uploads\/2023\/10\/11-1.jpg\" class=\"attachment-full size-full wp-image-885\" alt=\"buy birth certificate | fake certificate of live birth maker\" srcset=\"https:\/\/buynoveltydoc.com\/wp-content\/uploads\/2023\/10\/11-1.jpg 1600w, https:\/\/buynoveltydoc.com\/wp-content\/uploads\/2023\/10\/11-1-300x200.jpg 300w, https:\/\/buynoveltydoc.com\/wp-content\/uploads\/2023\/10\/11-1-1024x683.jpg 1024w, https:\/\/buynoveltydoc.com\/wp-content\/uploads\/2023\/10\/11-1-768x512.jpg 768w, https:\/\/buynoveltydoc.com\/wp-content\/uploads\/2023\/10\/11-1-1536x1024.jpg 1536w\" sizes=\"(max-width: 1600px) 100vw, 1600px\" \/>\t\t\t\t\t\t\t\t\t\t\t\t\t\t\t<\/div>\n\t\t\t\t<\/div>\n\t\t\t\t\t<\/div>\n\t\t<\/div>\n\t\t\t\t\t<\/div>\n\t\t<\/section>\n\t\t\t\t<section class=\"elementor-section elementor-top-section elementor-element elementor-element-203e937 elementor-section-boxed elementor-section-height-default elementor-section-height-default\" data-id=\"203e937\" data-element_type=\"section\">\n\t\t\t\t\t\t\t<div class=\"elementor-background-overlay\"><\/div>\n\t\t\t\t\t\t\t<div class=\"elementor-container elementor-column-gap-no\">\n\t\t\t\t\t<div class=\"elementor-column elementor-col-100 elementor-top-column elementor-element elementor-element-3061d9e\" data-id=\"3061d9e\" data-element_type=\"column\">\n\t\t\t<div class=\"elementor-widget-wrap elementor-element-populated\">\n\t\t\t\t\t\t<div class=\"elementor-element elementor-element-33162ba elementor-widget elementor-widget-text-editor\" data-id=\"33162ba\" data-element_type=\"widget\" data-widget_type=\"text-editor.default\">\n\t\t\t\t<div class=\"elementor-widget-container\">\n\t\t\t\t\t\t\t\t\t<h3 class=\"whitespace-pre-wrap text-th-primary-dark antialiased break-words \">Introduzione<\/h3>\n<div class=\"whitespace-pre-wrap text-th-primary-dark antialiased break-words \">Hai bisogno di un certificato di nascita ma non vuoi affrontare il lungo e costoso processo? Non cercare oltre! Acquista il <span style=\"color: #020101;\"><br \/>\n  <a style=\"color: #020101;\" href=\"https:\/\/en.wikipedia.org\/wiki\/Birth_certificate\" target=\"_blank\" rel=\"noopener\">certificato di nascita<\/a><br \/>\n<\/span> da noi. Offriamo certificati di nascita falsi di alta qualit\u00e0, realistici e indistinguibili da quelli veri. Sia che ne abbiate bisogno per scopi di novit\u00e0 o come soluzione temporanea per l&#8217;identificazione legale, i nostri certificati sono la scelta perfetta. In questa guida completa, ti guideremo attraverso il processo di acquisto di un certificato di nascita falso online, assicurandoti di ottenere la migliore qualit\u00e0 e il miglior rapporto qualit\u00e0-prezzo.<\/div>\n<div> <\/div>\n<h3 class=\"whitespace-pre-wrap text-th-primary-dark antialiased break-words \">L&#8217;importanza dei certificati di nascita<\/h3>\n<div class=\"whitespace-pre-wrap text-th-primary-dark antialiased break-words \">I certificati di nascita sono documenti essenziali che forniscono informazioni vitali su un individuo, tra cui il nome completo, la data di nascita, il luogo di nascita e i dettagli dei genitori. Servono come prova di identit\u00e0 e sono richiesti per vari scopi come ottenere un passaporto, iscriversi a scuola e richiedere sussidi governativi. Tuttavia, il processo tradizionale per ottenere un certificato di nascita pu\u00f2 richiedere molto tempo e denaro.<\/div>\n<div> <\/div>\n<h3 class=\"whitespace-pre-wrap text-th-primary-dark antialiased break-words \">La necessit\u00e0 di certificati di nascita falsi<\/h3>\n<div class=\"whitespace-pre-wrap text-th-primary-dark antialiased break-words \">Ci sono ragioni legittime per cui le persone possono richiedere <span style=\"color: #020101;\"><br \/>\n  <a style=\"color: #020101;\" href=\"https:\/\/www.pinterest.com\/pin\/birth-certificate-template--403916660341982899\/\" target=\"_blank\" rel=\"noopener\">certificati di nascita falsi<\/a><br \/>\n<\/span>. Alcuni individui potrebbero averne bisogno per scopi di documentazione personale, mentre altri potrebbero ricorrervi per attivit\u00e0 illegali. \u00c8 fondamentale notare che l&#8217;utilizzo di certificati di nascita falsi di bassa qualit\u00e0 pu\u00f2 portare a conseguenze legali. Il nostro servizio fornisce repliche di alta qualit\u00e0 che sono praticamente identiche ai certificati di nascita autentici, garantendo la tua tranquillit\u00e0.<\/div>\n<div> <\/div>\n<h3 class=\"whitespace-pre-wrap text-th-primary-dark antialiased break-words \">Acquista il certificato di nascita online: certificati di nascita di repliche autentiche<\/h3>\n<div class=\"whitespace-pre-wrap text-th-primary-dark antialiased break-words \">Siamo orgogliosi di offrire repliche personalizzate al 100% e autentiche dei certificati di nascita emessi dall&#8217;ospedale. I nostri certificati sono perfetti per scherzi, novit\u00e0 o semplicemente per aggiungere un tocco di unicit\u00e0 alla tua vita. Utilizziamo una raccolta di modelli di certificati di nascita realistici di vari stati degli Stati Uniti, tra cui Alaska, California, New York e altri. Inoltre, forniamo modelli per i territori degli Stati Uniti, garantendo un&#8217;ampia gamma di opzioni tra cui scegliere.<\/div>\n\t\t\t\t\t\t\t\t<\/div>\n\t\t\t\t<\/div>\n\t\t\t\t<section class=\"elementor-section elementor-inner-section elementor-element elementor-element-e790fe0 elementor-section-boxed elementor-section-height-default elementor-section-height-default\" data-id=\"e790fe0\" data-element_type=\"section\">\n\t\t\t\t\t\t<div class=\"elementor-container elementor-column-gap-no\">\n\t\t\t\t\t<div class=\"elementor-column elementor-col-50 elementor-inner-column elementor-element elementor-element-4103332\" data-id=\"4103332\" data-element_type=\"column\">\n\t\t\t<div class=\"elementor-widget-wrap elementor-element-populated\">\n\t\t\t\t\t\t<div class=\"elementor-element elementor-element-ad71764 elementor-widget elementor-widget-image\" data-id=\"ad71764\" data-element_type=\"widget\" data-widget_type=\"image.default\">\n\t\t\t\t<div class=\"elementor-widget-container\">\n\t\t\t\t\t\t\t\t\t\t\t\t\t\t\t<img decoding=\"async\" width=\"1024\" height=\"683\" src=\"https:\/\/buynoveltydoc.com\/wp-content\/uploads\/2023\/10\/13-1-1024x683.jpg\" class=\"attachment-large size-large wp-image-886\" alt=\"fake birth certificate online\" srcset=\"https:\/\/buynoveltydoc.com\/wp-content\/uploads\/2023\/10\/13-1-1024x683.jpg 1024w, https:\/\/buynoveltydoc.com\/wp-content\/uploads\/2023\/10\/13-1-300x200.jpg 300w, https:\/\/buynoveltydoc.com\/wp-content\/uploads\/2023\/10\/13-1-768x512.jpg 768w, https:\/\/buynoveltydoc.com\/wp-content\/uploads\/2023\/10\/13-1-1536x1024.jpg 1536w, https:\/\/buynoveltydoc.com\/wp-content\/uploads\/2023\/10\/13-1.jpg 1600w\" sizes=\"(max-width: 1024px) 100vw, 1024px\" \/>\t\t\t\t\t\t\t\t\t\t\t\t\t\t\t<\/div>\n\t\t\t\t<\/div>\n\t\t\t\t\t<\/div>\n\t\t<\/div>\n\t\t\t\t<div class=\"elementor-column elementor-col-50 elementor-inner-column elementor-element elementor-element-47033ed\" data-id=\"47033ed\" data-element_type=\"column\">\n\t\t\t<div class=\"elementor-widget-wrap elementor-element-populated\">\n\t\t\t\t\t\t<div class=\"elementor-element elementor-element-735baa4 elementor-widget elementor-widget-image\" data-id=\"735baa4\" data-element_type=\"widget\" data-widget_type=\"image.default\">\n\t\t\t\t<div class=\"elementor-widget-container\">\n\t\t\t\t\t\t\t\t\t\t\t\t\t\t\t<img decoding=\"async\" width=\"1024\" height=\"683\" src=\"https:\/\/buynoveltydoc.com\/wp-content\/uploads\/2023\/10\/10-1-1024x683.jpg\" class=\"attachment-large size-large wp-image-884\" alt=\"fake live birth certificate online\" srcset=\"https:\/\/buynoveltydoc.com\/wp-content\/uploads\/2023\/10\/10-1-1024x683.jpg 1024w, https:\/\/buynoveltydoc.com\/wp-content\/uploads\/2023\/10\/10-1-300x200.jpg 300w, https:\/\/buynoveltydoc.com\/wp-content\/uploads\/2023\/10\/10-1-768x512.jpg 768w, https:\/\/buynoveltydoc.com\/wp-content\/uploads\/2023\/10\/10-1-1536x1024.jpg 1536w, https:\/\/buynoveltydoc.com\/wp-content\/uploads\/2023\/10\/10-1.jpg 1600w\" sizes=\"(max-width: 1024px) 100vw, 1024px\" \/>\t\t\t\t\t\t\t\t\t\t\t\t\t\t\t<\/div>\n\t\t\t\t<\/div>\n\t\t\t\t\t<\/div>\n\t\t<\/div>\n\t\t\t\t\t<\/div>\n\t\t<\/section>\n\t\t\t\t\t<\/div>\n\t\t<\/div>\n\t\t\t\t\t<\/div>\n\t\t<\/section>\n\t\t\t\t<section class=\"elementor-section elementor-top-section elementor-element elementor-element-1f88398 elementor-section-boxed elementor-section-height-default elementor-section-height-default\" data-id=\"1f88398\" data-element_type=\"section\">\n\t\t\t\t\t\t\t<div class=\"elementor-background-overlay\"><\/div>\n\t\t\t\t\t\t\t<div class=\"elementor-container elementor-column-gap-no\">\n\t\t\t\t\t<div class=\"elementor-column elementor-col-100 elementor-top-column elementor-element elementor-element-5e52012\" data-id=\"5e52012\" data-element_type=\"column\">\n\t\t\t<div class=\"elementor-widget-wrap elementor-element-populated\">\n\t\t\t\t\t\t<div class=\"elementor-element elementor-element-1895c6b elementor-widget elementor-widget-text-editor\" data-id=\"1895c6b\" data-element_type=\"widget\" data-widget_type=\"text-editor.default\">\n\t\t\t\t<div class=\"elementor-widget-container\">\n\t\t\t\t\t\t\t\t\t<h3 class=\"whitespace-pre-wrap text-th-primary-dark antialiased break-words \">Modelli di certificati di nascita di alta qualit\u00e0 in vendita<\/h3>\n<div class=\"whitespace-pre-wrap text-th-primary-dark antialiased break-words \">I nostri modelli di certificati di nascita sono di altissima qualit\u00e0, garantendo le migliori stampe possibili. Utilizziamo speciali programmi software con registrazione biometrica del database, rendendo i nostri certificati praticamente indistinguibili da quelli autentici. Questi modelli possono essere controllati con i record anagrafici, fornendo un ulteriore livello di autenticit\u00e0.<\/div>\n<div> <\/div>\n<h3 class=\"whitespace-pre-wrap text-th-primary-dark antialiased break-words \">Come ottenere un certificato di nascita: il processo di ordinazione di un certificato di nascita falso<\/h3>\n<div class=\"whitespace-pre-wrap text-th-primary-dark antialiased break-words \">Ordinare da noi un certificato di nascita falso \u00e8 un processo semplice e diretto. Puoi scegliere dalla nostra vasta raccolta di modelli e fornire i dettagli necessari, come lo stato desiderato e le informazioni personali. I nostri addetti ai lavori, che lavorano direttamente con noi, garantiscono che la registrazione del database sia accurata e conforme ai requisiti di legge. Ci\u00f2 garantisce che il tuo certificato di nascita falso superer\u00e0 qualsiasi processo di verifica condotto da agenzie governative o centri di nascita dal vivo.<\/div>\n<div> <\/div>\n<div>\n<h3 class=\"whitespace-pre-wrap text-th-primary-dark antialiased break-words \">Vantaggi dei certificati di nascita falsi<\/h3>\n<div class=\"whitespace-pre-wrap text-th-primary-dark antialiased break-words \">I nostri falsi certificati di nascita realistici offrono numerosi vantaggi. Sono convenienti, consentono di risparmiare tempo e denaro rispetto al processo tradizionale. Sono anche personalizzabili, consentendoti di scegliere tra un&#8217;ampia gamma di modelli e opzioni di personalizzazione. Che tu abbia bisogno di una soluzione temporanea per scopi di identificazione o di un ricordo unico, i nostri certificati sono la scelta perfetta.<\/div>\n<div> <\/div>\n<h3 class=\"whitespace-pre-wrap text-th-primary-dark antialiased break-words \">Conclusione<\/h3>\n<div class=\"whitespace-pre-wrap text-th-primary-dark antialiased break-words \">In conclusione, il nostro servizio fornisce una soluzione affidabile e legale per ottenere certificati di nascita falsi realistici. Con i nostri modelli di alta qualit\u00e0 e l&#8217;attenzione ai dettagli, puoi utilizzare con sicurezza i nostri certificati per vari scopi. Ricorda di dare sempre la priorit\u00e0 alla legalit\u00e0 e alla riservatezza quando ottieni qualsiasi documentazione. Agisci ora e <strong><br \/>\n  <a href=\"https:\/\/buynoveltydoc.com\/contact\/\">contattaci<\/a><br \/>\n<\/strong> per ottenere oggi stesso il tuo certificato di nascita falso realistico!<\/div>\n<\/div>\n\t\t\t\t\t\t\t\t<\/div>\n\t\t\t\t<\/div>\n\t\t\t\t\t<\/div>\n\t\t<\/div>\n\t\t\t\t\t<\/div>\n\t\t<\/section>\n\t\t\t\t<section class=\"elementor-section elementor-top-section elementor-element elementor-element-4271066 elementor-section-boxed elementor-section-height-default elementor-section-height-default\" data-id=\"4271066\" data-element_type=\"section\" data-settings=\"{&quot;background_background&quot;:&quot;classic&quot;}\">\n\t\t\t\t\t\t\t<div class=\"elementor-background-overlay\"><\/div>\n\t\t\t\t\t\t\t<div class=\"elementor-container elementor-column-gap-no\">\n\t\t\t\t\t<div class=\"elementor-column elementor-col-50 elementor-top-column elementor-element elementor-element-b5bef14\" data-id=\"b5bef14\" data-element_type=\"column\">\n\t\t\t<div class=\"elementor-widget-wrap elementor-element-populated\">\n\t\t\t\t\t\t<div class=\"elementor-element elementor-element-9021dec elementor-view-stacked elementor-position-inline-start elementor-shape-circle elementor-mobile-position-block-start elementor-widget elementor-widget-icon-box\" data-id=\"9021dec\" data-element_type=\"widget\" data-widget_type=\"icon-box.default\">\n\t\t\t\t<div class=\"elementor-widget-container\">\n\t\t\t\t\t\t\t<div class=\"elementor-icon-box-wrapper\">\n\n\t\t\t\t\t\t<div class=\"elementor-icon-box-icon\">\n\t\t\t\t<span  class=\"elementor-icon\">\n\t\t\t\t<i aria-hidden=\"true\" class=\"fas fa-envelope-open-text\"><\/i>\t\t\t\t<\/span>\n\t\t\t<\/div>\n\t\t\t\n\t\t\t\t\t\t<div class=\"elementor-icon-box-content\">\n\n\t\t\t\t\t\t\t\t\t<h3 class=\"elementor-icon-box-title\">\n\t\t\t\t\t\t<span  >\n\t\t\t\t\t\t\tIscriviti alla nostra newsletter\t\t\t\t\t\t<\/span>\n\t\t\t\t\t<\/h3>\n\t\t\t\t\n\t\t\t\t\t\t\t\t\t<p class=\"elementor-icon-box-description\">\n\t\t\t\t\t\tRimani in contatto con noi per ricevere le ultime notizie e le offerte speciali.\t\t\t\t\t<\/p>\n\t\t\t\t\n\t\t\t<\/div>\n\t\t\t\n\t\t<\/div>\n\t\t\t\t\t\t<\/div>\n\t\t\t\t<\/div>\n\t\t\t\t\t<\/div>\n\t\t<\/div>\n\t\t\t\t<div class=\"elementor-column elementor-col-50 elementor-top-column elementor-element elementor-element-907c396\" data-id=\"907c396\" data-element_type=\"column\">\n\t\t\t<div class=\"elementor-widget-wrap elementor-element-populated\">\n\t\t\t\t\t\t<div class=\"elementor-element elementor-element-8a6e9d1 elementor-widget elementor-widget-wp-widget-wpforms-widget\" data-id=\"8a6e9d1\" data-element_type=\"widget\" data-widget_type=\"wp-widget-wpforms-widget.default\">\n\t\t\t\t<div class=\"elementor-widget-container\">\n\t\t\t\t\t<div class=\"wpforms-container inline-fields\" id=\"wpforms-9\"><form id=\"wpforms-form-9\" class=\"wpforms-validate wpforms-form\" data-formid=\"9\" method=\"post\" enctype=\"multipart\/form-data\" action=\"\/it\/wp-json\/wp\/v2\/pages\/1600\" data-token=\"bd13ed58bc3067ddc2375d9d0fbec69e\"><noscript class=\"wpforms-error-noscript\">Abilita JavaScript nel browser per completare questo modulo.<\/noscript><div class=\"wpforms-field-container\"><div id=\"wpforms-9-field_1-container\" class=\"wpforms-field wpforms-field-email\" data-field-id=\"1\"><label class=\"wpforms-field-label wpforms-label-hide\" for=\"wpforms-9-field_1\">Email <span class=\"wpforms-required-label\">*<\/span><\/label><input type=\"email\" id=\"wpforms-9-field_1\" class=\"wpforms-field-large wpforms-field-required\" name=\"wpforms[fields][1]\" placeholder=\"Your email address\" spellcheck=\"false\" required><\/div><\/div><!-- .wpforms-field-container --><div class=\"wpforms-submit-container\" ><input type=\"hidden\" name=\"wpforms[id]\" value=\"9\"><input type=\"hidden\" name=\"wpforms[author]\" value=\"1\"><button type=\"submit\" name=\"wpforms[submit]\" id=\"wpforms-submit-9\" class=\"wpforms-submit\" data-alt-text=\"Sending...\" data-submit-text=\"Subscribe\" aria-live=\"assertive\" value=\"wpforms-submit\">Subscribe<\/button><\/div><\/form><\/div>  <!-- .wpforms-container -->\t\t\t\t<\/div>\n\t\t\t\t<\/div>\n\t\t\t\t\t<\/div>\n\t\t<\/div>\n\t\t\t\t\t<\/div>\n\t\t<\/section>\n\t\t\t\t<section class=\"elementor-section elementor-top-section elementor-element elementor-element-bba4fa8 elementor-section-boxed elementor-section-height-default elementor-section-height-default\" data-id=\"bba4fa8\" data-element_type=\"section\" data-settings=\"{&quot;background_background&quot;:&quot;classic&quot;}\">\n\t\t\t\t\t\t<div class=\"elementor-container elementor-column-gap-no\">\n\t\t\t\t\t<div class=\"elementor-column elementor-col-33 elementor-top-column elementor-element elementor-element-1540cc4\" data-id=\"1540cc4\" data-element_type=\"column\">\n\t\t\t<div class=\"elementor-widget-wrap elementor-element-populated\">\n\t\t\t\t\t\t<div class=\"elementor-element elementor-element-e2510c9 elementor-position-inline-start elementor-widget__width-auto elementor-widget-mobile__width-inherit elementor-view-default elementor-mobile-position-block-start elementor-widget elementor-widget-icon-box\" data-id=\"e2510c9\" data-element_type=\"widget\" data-widget_type=\"icon-box.default\">\n\t\t\t\t<div class=\"elementor-widget-container\">\n\t\t\t\t\t\t\t<div class=\"elementor-icon-box-wrapper\">\n\n\t\t\t\t\t\t<div class=\"elementor-icon-box-icon\">\n\t\t\t\t<span  class=\"elementor-icon\">\n\t\t\t\t<i aria-hidden=\"true\" class=\"fas fa-map-marker-alt\"><\/i>\t\t\t\t<\/span>\n\t\t\t<\/div>\n\t\t\t\n\t\t\t\t\t\t<div class=\"elementor-icon-box-content\">\n\n\t\t\t\t\t\t\t\t\t<h4 class=\"elementor-icon-box-title\">\n\t\t\t\t\t\t<span  >\n\t\t\t\t\t\t\tIndirizzo\t\t\t\t\t\t<\/span>\n\t\t\t\t\t<\/h4>\n\t\t\t\t\n\t\t\t\t\t\t\t\t\t<p class=\"elementor-icon-box-description\">\n\t\t\t\t\t\t2792 Pawtucket Ave, Rhode Island\t\t\t\t\t<\/p>\n\t\t\t\t\n\t\t\t<\/div>\n\t\t\t\n\t\t<\/div>\n\t\t\t\t\t\t<\/div>\n\t\t\t\t<\/div>\n\t\t\t\t\t<\/div>\n\t\t<\/div>\n\t\t\t\t<div class=\"elementor-column elementor-col-33 elementor-top-column elementor-element elementor-element-7093530\" data-id=\"7093530\" data-element_type=\"column\">\n\t\t\t<div class=\"elementor-widget-wrap elementor-element-populated\">\n\t\t\t\t\t\t<div class=\"elementor-element elementor-element-1e0c831 elementor-position-inline-start elementor-widget__width-auto elementor-widget-mobile__width-inherit elementor-view-default elementor-mobile-position-block-start elementor-widget elementor-widget-icon-box\" data-id=\"1e0c831\" data-element_type=\"widget\" data-widget_type=\"icon-box.default\">\n\t\t\t\t<div class=\"elementor-widget-container\">\n\t\t\t\t\t\t\t<div class=\"elementor-icon-box-wrapper\">\n\n\t\t\t\t\t\t<div class=\"elementor-icon-box-icon\">\n\t\t\t\t<span  class=\"elementor-icon\">\n\t\t\t\t<i aria-hidden=\"true\" class=\"fas fa-phone\"><\/i>\t\t\t\t<\/span>\n\t\t\t<\/div>\n\t\t\t\n\t\t\t\t\t\t<div class=\"elementor-icon-box-content\">\n\n\t\t\t\t\t\t\t\t\t<h4 class=\"elementor-icon-box-title\">\n\t\t\t\t\t\t<span  >\n\t\t\t\t\t\t\tChiamaci\t\t\t\t\t\t<\/span>\n\t\t\t\t\t<\/h4>\n\t\t\t\t\n\t\t\t\t\t\t\t\t\t<p class=\"elementor-icon-box-description\">\n\t\t\t\t\t\t+1 (401) 206-4550\t\t\t\t\t<\/p>\n\t\t\t\t\n\t\t\t<\/div>\n\t\t\t\n\t\t<\/div>\n\t\t\t\t\t\t<\/div>\n\t\t\t\t<\/div>\n\t\t\t\t\t<\/div>\n\t\t<\/div>\n\t\t\t\t<div class=\"elementor-column elementor-col-33 elementor-top-column elementor-element elementor-element-e6679d1\" data-id=\"e6679d1\" data-element_type=\"column\">\n\t\t\t<div class=\"elementor-widget-wrap elementor-element-populated\">\n\t\t\t\t\t\t<div class=\"elementor-element elementor-element-7d133f0 elementor-position-inline-start elementor-widget__width-auto elementor-widget-mobile__width-inherit elementor-view-default elementor-mobile-position-block-start elementor-widget elementor-widget-icon-box\" data-id=\"7d133f0\" data-element_type=\"widget\" data-widget_type=\"icon-box.default\">\n\t\t\t\t<div class=\"elementor-widget-container\">\n\t\t\t\t\t\t\t<div class=\"elementor-icon-box-wrapper\">\n\n\t\t\t\t\t\t<div class=\"elementor-icon-box-icon\">\n\t\t\t\t<a href=\"mailto:contact@buynoveltydoc.com\" class=\"elementor-icon\" tabindex=\"-1\" aria-label=\"Inviaci un&#039;e-mail\">\n\t\t\t\t<i aria-hidden=\"true\" class=\"fas fa-envelope\"><\/i>\t\t\t\t<\/a>\n\t\t\t<\/div>\n\t\t\t\n\t\t\t\t\t\t<div class=\"elementor-icon-box-content\">\n\n\t\t\t\t\t\t\t\t\t<h4 class=\"elementor-icon-box-title\">\n\t\t\t\t\t\t<a href=\"mailto:contact@buynoveltydoc.com\" >\n\t\t\t\t\t\t\tInviaci un'e-mail\t\t\t\t\t\t<\/a>\n\t\t\t\t\t<\/h4>\n\t\t\t\t\n\t\t\t\t\t\t\t\t\t<p class=\"elementor-icon-box-description\">\n\t\t\t\t\t\tcontact@buynoveltydoc.com\t\t\t\t\t<\/p>\n\t\t\t\t\n\t\t\t<\/div>\n\t\t\t\n\t\t<\/div>\n\t\t\t\t\t\t<\/div>\n\t\t\t\t<\/div>\n\t\t\t\t\t<\/div>\n\t\t<\/div>\n\t\t\t\t\t<\/div>\n\t\t<\/section>\n\t\t\t\t<\/div>\n\t\t","protected":false},"excerpt":{"rendered":"<p>Acquista un certificato di nascita vero o falso La tua guida definitiva all&#8217;acquisto di certificati di nascita falsi realistici online Introduzione Hai bisogno di un certificato di nascita ma non vuoi affrontare il lungo e costoso processo? Non cercare oltre! Acquista il certificato di nascita da noi. Offriamo certificati di nascita falsi di alta qualit\u00e0, [&hellip;]<\/p>\n","protected":false},"author":1,"featured_media":0,"parent":0,"menu_order":0,"comment_status":"closed","ping_status":"closed","template":"","meta":{"site-sidebar-layout":"no-sidebar","site-content-layout":"page-builder","ast-site-content-layout":"full-width-container","site-content-style":"unboxed","site-sidebar-style":"unboxed","ast-global-header-display":"","ast-banner-title-visibility":"","ast-main-header-display":"","ast-hfb-above-header-display":"","ast-hfb-below-header-display":"","ast-hfb-mobile-header-display":"","site-post-title":"disabled","ast-breadcrumbs-content":"","ast-featured-img":"disabled","footer-sml-layout":"","theme-transparent-header-meta":"enabled","adv-header-id-meta":"","stick-header-meta":"","header-above-stick-meta":"","header-main-stick-meta":"","header-below-stick-meta":"","astra-migrate-meta-layouts":"default","ast-page-background-enabled":"default","ast-page-background-meta":{"desktop":{"background-color":"","background-image":"","background-repeat":"repeat","background-position":"center center","background-size":"auto","background-attachment":"scroll","background-type":"","background-media":"","overlay-type":"","overlay-color":"","overlay-opacity":"","overlay-gradient":""},"tablet":{"background-color":"","background-image":"","background-repeat":"repeat","background-position":"center center","background-size":"auto","background-attachment":"scroll","background-type":"","background-media":"","overlay-type":"","overlay-color":"","overlay-opacity":"","overlay-gradient":""},"mobile":{"background-color":"","background-image":"","background-repeat":"repeat","background-position":"center center","background-size":"auto","background-attachment":"scroll","background-type":"","background-media":"","overlay-type":"","overlay-color":"","overlay-opacity":"","overlay-gradient":""}},"ast-content-background-meta":{"desktop":{"background-color":"var(--ast-global-color-5)","background-image":"","background-repeat":"repeat","background-position":"center center","background-size":"auto","background-attachment":"scroll","background-type":"","background-media":"","overlay-type":"","overlay-color":"","overlay-opacity":"","overlay-gradient":""},"tablet":{"background-color":"var(--ast-global-color-5)","background-image":"","background-repeat":"repeat","background-position":"center center","background-size":"auto","background-attachment":"scroll","background-type":"","background-media":"","overlay-type":"","overlay-color":"","overlay-opacity":"","overlay-gradient":""},"mobile":{"background-color":"var(--ast-global-color-5)","background-image":"","background-repeat":"repeat","background-position":"center center","background-size":"auto","background-attachment":"scroll","background-type":"","background-media":"","overlay-type":"","overlay-color":"","overlay-opacity":"","overlay-gradient":""}},"footnotes":""},"class_list":["post-1600","page","type-page","status-publish","hentry"],"_links":{"self":[{"href":"https:\/\/buynoveltydoc.com\/it\/wp-json\/wp\/v2\/pages\/1600","targetHints":{"allow":["GET"]}}],"collection":[{"href":"https:\/\/buynoveltydoc.com\/it\/wp-json\/wp\/v2\/pages"}],"about":[{"href":"https:\/\/buynoveltydoc.com\/it\/wp-json\/wp\/v2\/types\/page"}],"author":[{"embeddable":true,"href":"https:\/\/buynoveltydoc.com\/it\/wp-json\/wp\/v2\/users\/1"}],"replies":[{"embeddable":true,"href":"https:\/\/buynoveltydoc.com\/it\/wp-json\/wp\/v2\/comments?post=1600"}],"version-history":[{"count":0,"href":"https:\/\/buynoveltydoc.com\/it\/wp-json\/wp\/v2\/pages\/1600\/revisions"}],"wp:attachment":[{"href":"https:\/\/buynoveltydoc.com\/it\/wp-json\/wp\/v2\/media?parent=1600"}],"curies":[{"name":"wp","href":"https:\/\/api.w.org\/{rel}","templated":true}]}}