{"id":4517,"date":"2023-09-01T23:07:02","date_gmt":"2023-09-01T22:07:02","guid":{"rendered":"https:\/\/buynoveltydoc.com\/kopa-pilotlicens\/"},"modified":"2024-05-28T17:45:43","modified_gmt":"2024-05-28T16:45:43","slug":"kopa-pilotlicens","status":"publish","type":"page","link":"https:\/\/buynoveltydoc.com\/sv\/kopa-pilotlicens\/","title":{"rendered":"K\u00f6p Pilotlicenser"},"content":{"rendered":"\t\t<div data-elementor-type=\"wp-page\" data-elementor-id=\"4517\" class=\"elementor elementor-4517 elementor-481\">\n\t\t\t\t\t\t<section class=\"elementor-section elementor-top-section elementor-element elementor-element-bc8fc01 elementor-section-boxed elementor-section-height-default elementor-section-height-default\" data-id=\"bc8fc01\" data-element_type=\"section\">\n\t\t\t\t\t\t\t<div class=\"elementor-background-overlay\"><\/div>\n\t\t\t\t\t\t\t<div class=\"elementor-container elementor-column-gap-no\">\n\t\t\t\t\t<div class=\"elementor-column elementor-col-100 elementor-top-column elementor-element elementor-element-a5d3828\" data-id=\"a5d3828\" data-element_type=\"column\">\n\t\t\t<div class=\"elementor-widget-wrap elementor-element-populated\">\n\t\t\t\t\t\t<div class=\"elementor-element elementor-element-00ee863 elementor-widget elementor-widget-heading\" data-id=\"00ee863\" data-element_type=\"widget\" data-widget_type=\"heading.default\">\n\t\t\t\t<div class=\"elementor-widget-container\">\n\t\t\t\t\t<h1 class=\"elementor-heading-title elementor-size-default\">K\u00f6p \u00e4kta eller falskt flygcertifikatkort<\/h1>\t\t\t\t<\/div>\n\t\t\t\t<\/div>\n\t\t\t\t<div class=\"elementor-element elementor-element-055f194 elementor-widget elementor-widget-text-editor\" data-id=\"055f194\" data-element_type=\"widget\" data-widget_type=\"text-editor.default\">\n\t\t\t\t<div class=\"elementor-widget-container\">\n\t\t\t\t\t\t\t\t\t<h3>L\u00e5t inte tentor och omfattande utbildning hindra dina dr\u00f6mmar<\/h3>\n\t\t\t\t\t\t\t\t<\/div>\n\t\t\t\t<\/div>\n\t\t\t\t<div class=\"elementor-element elementor-element-4f7b21b elementor-widget elementor-widget-image\" data-id=\"4f7b21b\" data-element_type=\"widget\" data-widget_type=\"image.default\">\n\t\t\t\t<div class=\"elementor-widget-container\">\n\t\t\t\t\t\t\t\t\t\t\t\t\t\t\t<img fetchpriority=\"high\" decoding=\"async\" width=\"1600\" height=\"1067\" src=\"https:\/\/buynoveltydoc.com\/wp-content\/uploads\/2023\/10\/18-1.jpg\" class=\"attachment-full size-full wp-image-891\" alt=\"buy pilot license\" srcset=\"https:\/\/buynoveltydoc.com\/wp-content\/uploads\/2023\/10\/18-1.jpg 1600w, https:\/\/buynoveltydoc.com\/wp-content\/uploads\/2023\/10\/18-1-300x200.jpg 300w, https:\/\/buynoveltydoc.com\/wp-content\/uploads\/2023\/10\/18-1-1024x683.jpg 1024w, https:\/\/buynoveltydoc.com\/wp-content\/uploads\/2023\/10\/18-1-768x512.jpg 768w, https:\/\/buynoveltydoc.com\/wp-content\/uploads\/2023\/10\/18-1-1536x1024.jpg 1536w\" sizes=\"(max-width: 1600px) 100vw, 1600px\" \/>\t\t\t\t\t\t\t\t\t\t\t\t\t\t\t<\/div>\n\t\t\t\t<\/div>\n\t\t\t\t\t<\/div>\n\t\t<\/div>\n\t\t\t\t\t<\/div>\n\t\t<\/section>\n\t\t\t\t<section class=\"elementor-section elementor-top-section elementor-element elementor-element-203e937 elementor-section-boxed elementor-section-height-default elementor-section-height-default\" data-id=\"203e937\" data-element_type=\"section\">\n\t\t\t\t\t\t\t<div class=\"elementor-background-overlay\"><\/div>\n\t\t\t\t\t\t\t<div class=\"elementor-container elementor-column-gap-no\">\n\t\t\t\t\t<div class=\"elementor-column elementor-col-100 elementor-top-column elementor-element elementor-element-3061d9e\" data-id=\"3061d9e\" data-element_type=\"column\">\n\t\t\t<div class=\"elementor-widget-wrap elementor-element-populated\">\n\t\t\t\t\t\t<div class=\"elementor-element elementor-element-33162ba elementor-widget elementor-widget-text-editor\" data-id=\"33162ba\" data-element_type=\"widget\" data-widget_type=\"text-editor.default\">\n\t\t\t\t<div class=\"elementor-widget-container\">\n\t\t\t\t\t\t\t\t\t<h3>K\u00f6p ett falskt flygcertifikat &#8211; uppfyll dina flygdr\u00f6mmar idag!<\/h3>\n<p>Har du alltid dr\u00f6mt om att sv\u00e4va genom luften som pilot? Processen att f\u00e5 en pilotlicens kan vara nedsl\u00e5ende, med prov och omfattande utbildning som kr\u00e4ver en betydande investering av tid och pengar. Traditionella flygskolor kr\u00e4ver ofta att individer tar ledigt fr\u00e5n jobbet och betalar f\u00f6r kostsam utbildning, vilket g\u00f6r det ouppn\u00e5eligt f\u00f6r m\u00e5nga blivande piloter. Det finns dock ett alternativ som kan g\u00f6ra din dr\u00f6m till verklighet &#8211; att k\u00f6pa ett flygcertifikat online.<\/p>\n<h3>Bekv\u00e4mligheten med pilotlicenser online<\/h3>\n<p>P\u00e5 Novelty Document Maker erbjuder vi en effektiv l\u00f6sning f\u00f6r dig som vill ta ett pilotcertifikat utan att g\u00e5 igenom den traditionella utbildningsprocessen. V\u00e5ra licenser, \u00e4ven om de inte \u00e4r avsedda att anv\u00e4ndas som juridiska dokument, \u00e4r perfekta f\u00f6r flygentusiaster som vill h\u00e4nga en kopia av sin licens p\u00e5 v\u00e4ggen eller helt enkelt uppfylla sin dr\u00f6m om att bli pilot.<\/p>\n<h3>En m\u00e4ngd olika licensalternativ<\/h3>\n<p>Vi erbjuder ett brett utbud av licenser f\u00f6r att tillgodose olika ambitioner. Oavsett om du \u00e4r intresserad av privata pilotlicenser, kommersiella pilotlicenser eller helikopterlicenser har vi dig t\u00e4ckt. V\u00e5ra licenser finns att k\u00f6pa p\u00e5 v\u00e5r hemsida, och vi garanterar leverans inom 2-5 arbetsdagar. F\u00f6r att tillgodose olika preferenser erbjuder vi olika betalningsalternativ, inklusive Bitcoin, bank\u00f6verf\u00f6ring och Ria.<\/p>\n<h3>Repliker av h\u00f6g kvalitet<\/h3>\n<p>P\u00e5 Novelty Document Maker prioriterar vi kvalitet. V\u00e5ra licenser \u00e4r tillverkade av de finaste materialen f\u00f6r att replikera utseendet och k\u00e4nslan av riktiga licenser. Vi \u00e4gnar detaljerad uppm\u00e4rksamhet \u00e5t noggrannhet och s\u00e4kerst\u00e4ller att varje licens \u00e4r en oklanderlig produkt. \u00c4ven om de kanske inte anv\u00e4nds som juridiska dokument \u00e4r dessa licenser det perfekta s\u00e4ttet att visa upp din passion f\u00f6r luftfart. H\u00e4ng upp dem p\u00e5 kontoret eller hemma, eller ge dem i present till andra flyg\u00e4lskare.<\/p>\n<p>F\u00f6rutom flygcertifikat erbjuder vi ett m\u00e5ngsidigt utbud av nyheter, allt fr\u00e5n <a href=\"https:\/\/buynoveltydoc.com\/sv\/kopa-korkort\/\">k\u00f6rkort<\/a> till <a href=\"https:\/\/buynoveltydoc.com\/sv\/kopa-pass-online\/\">pass<\/a> och <a href=\"https:\/\/buynoveltydoc.com\/sv\/kopa-identitetskort-pa-natet\/\">ID-kort<\/a>. Alla v\u00e5ra produkter \u00e4r tillverkade med st\u00f6rsta omsorg och anv\u00e4nder h\u00f6gkvalitativa material f\u00f6r att skapa realistiska kopior.<\/p>\n<h3>Engagemang f\u00f6r kundn\u00f6jdhet<\/h3>\n<p>P\u00e5 Novelty Document Maker \u00e4r vi mycket stolta \u00f6ver att f\u00f6rse v\u00e5ra kunder med produkter och tj\u00e4nster av h\u00f6gsta kvalitet. Din tillfredsst\u00e4llelse \u00e4r v\u00e5r h\u00f6gsta prioritet, och vi \u00e4r dedikerade till att se till att du \u00e4r n\u00f6jd med ditt k\u00f6p. V\u00e5rt engagemang f\u00f6r excellens str\u00e4cker sig bortom v\u00e5ra licenser och omfattar hela v\u00e5rt utbud av produkter och tj\u00e4nster.<\/p>\n<h3>G\u00f6r din flygdr\u00f6m till verklighet idag<\/h3>\n<p>Sammanfattningsvis, att k\u00f6pa en <a href=\"https:\/\/www.faa.gov\/pilots\/become\" target=\"_blank\" rel=\"noopener\">pilotlicens<\/a> online erbjuder en praktisk och tillg\u00e4nglig v\u00e4g f\u00f6r att uppfylla din dr\u00f6m om att bli pilot. V\u00e5ra licenser \u00e4r korrekta, detaljerade och av h\u00f6gsta kvalitet, vilket g\u00f6r dem idealiska f\u00f6r att visa upp eller ge bort. Kontakta oss idag f\u00f6r att f\u00e5 veta mer om v\u00e5ra exceptionella produkter och tj\u00e4nster.<\/p>\n\t\t\t\t\t\t\t\t<\/div>\n\t\t\t\t<\/div>\n\t\t\t\t<section class=\"elementor-section elementor-inner-section elementor-element elementor-element-e790fe0 elementor-section-boxed elementor-section-height-default elementor-section-height-default\" data-id=\"e790fe0\" data-element_type=\"section\">\n\t\t\t\t\t\t<div class=\"elementor-container elementor-column-gap-no\">\n\t\t\t\t\t<div class=\"elementor-column elementor-col-50 elementor-inner-column elementor-element elementor-element-4103332\" data-id=\"4103332\" data-element_type=\"column\">\n\t\t\t<div class=\"elementor-widget-wrap elementor-element-populated\">\n\t\t\t\t\t\t<div class=\"elementor-element elementor-element-ad71764 elementor-widget elementor-widget-image\" data-id=\"ad71764\" data-element_type=\"widget\" data-widget_type=\"image.default\">\n\t\t\t\t<div class=\"elementor-widget-container\">\n\t\t\t\t\t\t\t\t\t\t\t\t\t\t\t<img decoding=\"async\" width=\"1024\" height=\"683\" src=\"https:\/\/buynoveltydoc.com\/wp-content\/uploads\/2023\/10\/17-1-1024x683.jpg\" class=\"attachment-large size-large wp-image-890\" alt=\"fake pilot license\" srcset=\"https:\/\/buynoveltydoc.com\/wp-content\/uploads\/2023\/10\/17-1-1024x683.jpg 1024w, https:\/\/buynoveltydoc.com\/wp-content\/uploads\/2023\/10\/17-1-300x200.jpg 300w, https:\/\/buynoveltydoc.com\/wp-content\/uploads\/2023\/10\/17-1-768x512.jpg 768w, https:\/\/buynoveltydoc.com\/wp-content\/uploads\/2023\/10\/17-1-1536x1024.jpg 1536w, https:\/\/buynoveltydoc.com\/wp-content\/uploads\/2023\/10\/17-1.jpg 1600w\" sizes=\"(max-width: 1024px) 100vw, 1024px\" \/>\t\t\t\t\t\t\t\t\t\t\t\t\t\t\t<\/div>\n\t\t\t\t<\/div>\n\t\t\t\t\t<\/div>\n\t\t<\/div>\n\t\t\t\t<div class=\"elementor-column elementor-col-50 elementor-inner-column elementor-element elementor-element-47033ed\" data-id=\"47033ed\" data-element_type=\"column\">\n\t\t\t<div class=\"elementor-widget-wrap elementor-element-populated\">\n\t\t\t\t\t\t<div class=\"elementor-element elementor-element-735baa4 elementor-widget elementor-widget-image\" data-id=\"735baa4\" data-element_type=\"widget\" data-widget_type=\"image.default\">\n\t\t\t\t<div class=\"elementor-widget-container\">\n\t\t\t\t\t\t\t\t\t\t\t\t\t\t\t<img decoding=\"async\" width=\"1024\" height=\"683\" src=\"https:\/\/buynoveltydoc.com\/wp-content\/uploads\/2023\/10\/19-1-1024x683.jpg\" class=\"attachment-large size-large wp-image-892\" alt=\"buy fake ppl license\" srcset=\"https:\/\/buynoveltydoc.com\/wp-content\/uploads\/2023\/10\/19-1-1024x683.jpg 1024w, https:\/\/buynoveltydoc.com\/wp-content\/uploads\/2023\/10\/19-1-300x200.jpg 300w, https:\/\/buynoveltydoc.com\/wp-content\/uploads\/2023\/10\/19-1-768x512.jpg 768w, https:\/\/buynoveltydoc.com\/wp-content\/uploads\/2023\/10\/19-1-1536x1024.jpg 1536w, https:\/\/buynoveltydoc.com\/wp-content\/uploads\/2023\/10\/19-1.jpg 1600w\" sizes=\"(max-width: 1024px) 100vw, 1024px\" \/>\t\t\t\t\t\t\t\t\t\t\t\t\t\t\t<\/div>\n\t\t\t\t<\/div>\n\t\t\t\t\t<\/div>\n\t\t<\/div>\n\t\t\t\t\t<\/div>\n\t\t<\/section>\n\t\t\t\t\t<\/div>\n\t\t<\/div>\n\t\t\t\t\t<\/div>\n\t\t<\/section>\n\t\t\t\t<section class=\"elementor-section elementor-top-section elementor-element elementor-element-4271066 elementor-section-boxed elementor-section-height-default elementor-section-height-default\" data-id=\"4271066\" data-element_type=\"section\" data-settings=\"{&quot;background_background&quot;:&quot;classic&quot;}\">\n\t\t\t\t\t\t\t<div class=\"elementor-background-overlay\"><\/div>\n\t\t\t\t\t\t\t<div class=\"elementor-container elementor-column-gap-no\">\n\t\t\t\t\t<div class=\"elementor-column elementor-col-50 elementor-top-column elementor-element elementor-element-b5bef14\" data-id=\"b5bef14\" data-element_type=\"column\">\n\t\t\t<div class=\"elementor-widget-wrap elementor-element-populated\">\n\t\t\t\t\t\t<div class=\"elementor-element elementor-element-9021dec elementor-view-stacked elementor-position-inline-start elementor-shape-circle elementor-mobile-position-block-start elementor-widget elementor-widget-icon-box\" data-id=\"9021dec\" data-element_type=\"widget\" data-widget_type=\"icon-box.default\">\n\t\t\t\t<div class=\"elementor-widget-container\">\n\t\t\t\t\t\t\t<div class=\"elementor-icon-box-wrapper\">\n\n\t\t\t\t\t\t<div class=\"elementor-icon-box-icon\">\n\t\t\t\t<span  class=\"elementor-icon\">\n\t\t\t\t<i aria-hidden=\"true\" class=\"fas fa-envelope-open-text\"><\/i>\t\t\t\t<\/span>\n\t\t\t<\/div>\n\t\t\t\n\t\t\t\t\t\t<div class=\"elementor-icon-box-content\">\n\n\t\t\t\t\t\t\t\t\t<h3 class=\"elementor-icon-box-title\">\n\t\t\t\t\t\t<span  >\n\t\t\t\t\t\t\tPrenumerera p\u00e5 v\u00e5rt nyhetsbrev\t\t\t\t\t\t<\/span>\n\t\t\t\t\t<\/h3>\n\t\t\t\t\n\t\t\t\t\t\t\t\t\t<p class=\"elementor-icon-box-description\">\n\t\t\t\t\t\tH\u00e5ll kontakten med oss f\u00f6r att f\u00e5 de senaste nyheterna och specialerbjudanden.\t\t\t\t\t<\/p>\n\t\t\t\t\n\t\t\t<\/div>\n\t\t\t\n\t\t<\/div>\n\t\t\t\t\t\t<\/div>\n\t\t\t\t<\/div>\n\t\t\t\t\t<\/div>\n\t\t<\/div>\n\t\t\t\t<div class=\"elementor-column elementor-col-50 elementor-top-column elementor-element elementor-element-907c396\" data-id=\"907c396\" data-element_type=\"column\">\n\t\t\t<div class=\"elementor-widget-wrap elementor-element-populated\">\n\t\t\t\t\t\t<div class=\"elementor-element elementor-element-8a6e9d1 elementor-widget elementor-widget-wp-widget-wpforms-widget\" data-id=\"8a6e9d1\" data-element_type=\"widget\" data-widget_type=\"wp-widget-wpforms-widget.default\">\n\t\t\t\t<div class=\"elementor-widget-container\">\n\t\t\t\t\t<div class=\"wpforms-container inline-fields\" id=\"wpforms-9\"><form id=\"wpforms-form-9\" class=\"wpforms-validate wpforms-form\" data-formid=\"9\" method=\"post\" enctype=\"multipart\/form-data\" action=\"\/sv\/wp-json\/wp\/v2\/pages\/4517\" data-token=\"bd13ed58bc3067ddc2375d9d0fbec69e\"><noscript class=\"wpforms-error-noscript\">Aktivera JavaScript i din webbl\u00e4sare f\u00f6r att fylla i formul\u00e4ret.<\/noscript><div class=\"wpforms-field-container\"><div id=\"wpforms-9-field_1-container\" class=\"wpforms-field wpforms-field-email\" data-field-id=\"1\"><label class=\"wpforms-field-label wpforms-label-hide\" for=\"wpforms-9-field_1\">E-post <span class=\"wpforms-required-label\">*<\/span><\/label><input type=\"email\" id=\"wpforms-9-field_1\" class=\"wpforms-field-large wpforms-field-required\" name=\"wpforms[fields][1]\" placeholder=\"Din e-postadress\" spellcheck=\"false\" required><\/div><\/div><!-- .wpforms-field-container --><div class=\"wpforms-submit-container\" ><input type=\"hidden\" name=\"wpforms[id]\" value=\"9\"><input type=\"hidden\" name=\"wpforms[author]\" value=\"1\"><button type=\"submit\" name=\"wpforms[submit]\" id=\"wpforms-submit-9\" class=\"wpforms-submit\" data-alt-text=\"Skicka...\" data-submit-text=\"Abonnera\" aria-live=\"assertive\" value=\"wpforms-submit\">Abonnera<\/button><\/div><\/form><\/div>  <!-- .wpforms-container -->\t\t\t\t<\/div>\n\t\t\t\t<\/div>\n\t\t\t\t\t<\/div>\n\t\t<\/div>\n\t\t\t\t\t<\/div>\n\t\t<\/section>\n\t\t\t\t<section class=\"elementor-section elementor-top-section elementor-element elementor-element-bba4fa8 elementor-section-boxed elementor-section-height-default elementor-section-height-default\" data-id=\"bba4fa8\" data-element_type=\"section\" data-settings=\"{&quot;background_background&quot;:&quot;classic&quot;}\">\n\t\t\t\t\t\t<div class=\"elementor-container elementor-column-gap-no\">\n\t\t\t\t\t<div class=\"elementor-column elementor-col-33 elementor-top-column elementor-element elementor-element-1540cc4\" data-id=\"1540cc4\" data-element_type=\"column\">\n\t\t\t<div class=\"elementor-widget-wrap elementor-element-populated\">\n\t\t\t\t\t\t<div class=\"elementor-element elementor-element-e2510c9 elementor-position-inline-start elementor-widget__width-auto elementor-widget-mobile__width-inherit elementor-view-default elementor-mobile-position-block-start elementor-widget elementor-widget-icon-box\" data-id=\"e2510c9\" data-element_type=\"widget\" data-widget_type=\"icon-box.default\">\n\t\t\t\t<div class=\"elementor-widget-container\">\n\t\t\t\t\t\t\t<div class=\"elementor-icon-box-wrapper\">\n\n\t\t\t\t\t\t<div class=\"elementor-icon-box-icon\">\n\t\t\t\t<span  class=\"elementor-icon\">\n\t\t\t\t<i aria-hidden=\"true\" class=\"fas fa-map-marker-alt\"><\/i>\t\t\t\t<\/span>\n\t\t\t<\/div>\n\t\t\t\n\t\t\t\t\t\t<div class=\"elementor-icon-box-content\">\n\n\t\t\t\t\t\t\t\t\t<h4 class=\"elementor-icon-box-title\">\n\t\t\t\t\t\t<span  >\n\t\t\t\t\t\t\tAdress\t\t\t\t\t\t<\/span>\n\t\t\t\t\t<\/h4>\n\t\t\t\t\n\t\t\t\t\t\t\t\t\t<p class=\"elementor-icon-box-description\">\n\t\t\t\t\t\t2792 Pawtucket Ave, Rhode Island\t\t\t\t\t<\/p>\n\t\t\t\t\n\t\t\t<\/div>\n\t\t\t\n\t\t<\/div>\n\t\t\t\t\t\t<\/div>\n\t\t\t\t<\/div>\n\t\t\t\t\t<\/div>\n\t\t<\/div>\n\t\t\t\t<div class=\"elementor-column elementor-col-33 elementor-top-column elementor-element elementor-element-7093530\" data-id=\"7093530\" data-element_type=\"column\">\n\t\t\t<div class=\"elementor-widget-wrap elementor-element-populated\">\n\t\t\t\t\t\t<div class=\"elementor-element elementor-element-1e0c831 elementor-position-inline-start elementor-widget__width-auto elementor-widget-mobile__width-inherit elementor-view-default elementor-mobile-position-block-start elementor-widget elementor-widget-icon-box\" data-id=\"1e0c831\" data-element_type=\"widget\" data-widget_type=\"icon-box.default\">\n\t\t\t\t<div class=\"elementor-widget-container\">\n\t\t\t\t\t\t\t<div class=\"elementor-icon-box-wrapper\">\n\n\t\t\t\t\t\t<div class=\"elementor-icon-box-icon\">\n\t\t\t\t<span  class=\"elementor-icon\">\n\t\t\t\t<i aria-hidden=\"true\" class=\"fas fa-phone\"><\/i>\t\t\t\t<\/span>\n\t\t\t<\/div>\n\t\t\t\n\t\t\t\t\t\t<div class=\"elementor-icon-box-content\">\n\n\t\t\t\t\t\t\t\t\t<h4 class=\"elementor-icon-box-title\">\n\t\t\t\t\t\t<span  >\n\t\t\t\t\t\t\tRing oss\t\t\t\t\t\t<\/span>\n\t\t\t\t\t<\/h4>\n\t\t\t\t\n\t\t\t\t\t\t\t\t\t<p class=\"elementor-icon-box-description\">\n\t\t\t\t\t\t+1 (401) 206-4550\t\t\t\t\t<\/p>\n\t\t\t\t\n\t\t\t<\/div>\n\t\t\t\n\t\t<\/div>\n\t\t\t\t\t\t<\/div>\n\t\t\t\t<\/div>\n\t\t\t\t\t<\/div>\n\t\t<\/div>\n\t\t\t\t<div class=\"elementor-column elementor-col-33 elementor-top-column elementor-element elementor-element-e6679d1\" data-id=\"e6679d1\" data-element_type=\"column\">\n\t\t\t<div class=\"elementor-widget-wrap elementor-element-populated\">\n\t\t\t\t\t\t<div class=\"elementor-element elementor-element-7d133f0 elementor-position-inline-start elementor-widget__width-auto elementor-widget-mobile__width-inherit elementor-view-default elementor-mobile-position-block-start elementor-widget elementor-widget-icon-box\" data-id=\"7d133f0\" data-element_type=\"widget\" data-widget_type=\"icon-box.default\">\n\t\t\t\t<div class=\"elementor-widget-container\">\n\t\t\t\t\t\t\t<div class=\"elementor-icon-box-wrapper\">\n\n\t\t\t\t\t\t<div class=\"elementor-icon-box-icon\">\n\t\t\t\t<a href=\"mailto:contact@buynoveltydoc.com\" class=\"elementor-icon\" tabindex=\"-1\" aria-label=\"Skicka e-post till oss\">\n\t\t\t\t<i aria-hidden=\"true\" class=\"fas fa-envelope\"><\/i>\t\t\t\t<\/a>\n\t\t\t<\/div>\n\t\t\t\n\t\t\t\t\t\t<div class=\"elementor-icon-box-content\">\n\n\t\t\t\t\t\t\t\t\t<h4 class=\"elementor-icon-box-title\">\n\t\t\t\t\t\t<a href=\"mailto:contact@buynoveltydoc.com\" >\n\t\t\t\t\t\t\tSkicka e-post till oss\t\t\t\t\t\t<\/a>\n\t\t\t\t\t<\/h4>\n\t\t\t\t\n\t\t\t\t\t\t\t\t\t<p class=\"elementor-icon-box-description\">\n\t\t\t\t\t\tcontact@buynoveltydoc.com\t\t\t\t\t<\/p>\n\t\t\t\t\n\t\t\t<\/div>\n\t\t\t\n\t\t<\/div>\n\t\t\t\t\t\t<\/div>\n\t\t\t\t<\/div>\n\t\t\t\t\t<\/div>\n\t\t<\/div>\n\t\t\t\t\t<\/div>\n\t\t<\/section>\n\t\t\t\t<\/div>\n\t\t","protected":false},"excerpt":{"rendered":"<p>K\u00f6p \u00e4kta eller falskt flygcertifikatkort L\u00e5t inte tentor och omfattande utbildning hindra dina dr\u00f6mmar K\u00f6p ett falskt flygcertifikat &#8211; uppfyll dina flygdr\u00f6mmar idag! Har du alltid dr\u00f6mt om att sv\u00e4va genom luften som pilot? Processen att f\u00e5 en pilotlicens kan vara nedsl\u00e5ende, med prov och omfattande utbildning som kr\u00e4ver en betydande investering av tid och [&hellip;]<\/p>\n","protected":false},"author":1,"featured_media":0,"parent":0,"menu_order":0,"comment_status":"closed","ping_status":"closed","template":"","meta":{"site-sidebar-layout":"no-sidebar","site-content-layout":"page-builder","ast-site-content-layout":"full-width-container","site-content-style":"unboxed","site-sidebar-style":"unboxed","ast-global-header-display":"","ast-banner-title-visibility":"","ast-main-header-display":"","ast-hfb-above-header-display":"","ast-hfb-below-header-display":"","ast-hfb-mobile-header-display":"","site-post-title":"disabled","ast-breadcrumbs-content":"","ast-featured-img":"disabled","footer-sml-layout":"","theme-transparent-header-meta":"enabled","adv-header-id-meta":"","stick-header-meta":"","header-above-stick-meta":"","header-main-stick-meta":"","header-below-stick-meta":"","astra-migrate-meta-layouts":"default","ast-page-background-enabled":"default","ast-page-background-meta":{"desktop":{"background-color":"","background-image":"","background-repeat":"repeat","background-position":"center center","background-size":"auto","background-attachment":"scroll","background-type":"","background-media":"","overlay-type":"","overlay-color":"","overlay-opacity":"","overlay-gradient":""},"tablet":{"background-color":"","background-image":"","background-repeat":"repeat","background-position":"center center","background-size":"auto","background-attachment":"scroll","background-type":"","background-media":"","overlay-type":"","overlay-color":"","overlay-opacity":"","overlay-gradient":""},"mobile":{"background-color":"","background-image":"","background-repeat":"repeat","background-position":"center center","background-size":"auto","background-attachment":"scroll","background-type":"","background-media":"","overlay-type":"","overlay-color":"","overlay-opacity":"","overlay-gradient":""}},"ast-content-background-meta":{"desktop":{"background-color":"var(--ast-global-color-5)","background-image":"","background-repeat":"repeat","background-position":"center center","background-size":"auto","background-attachment":"scroll","background-type":"","background-media":"","overlay-type":"","overlay-color":"","overlay-opacity":"","overlay-gradient":""},"tablet":{"background-color":"var(--ast-global-color-5)","background-image":"","background-repeat":"repeat","background-position":"center center","background-size":"auto","background-attachment":"scroll","background-type":"","background-media":"","overlay-type":"","overlay-color":"","overlay-opacity":"","overlay-gradient":""},"mobile":{"background-color":"var(--ast-global-color-5)","background-image":"","background-repeat":"repeat","background-position":"center center","background-size":"auto","background-attachment":"scroll","background-type":"","background-media":"","overlay-type":"","overlay-color":"","overlay-opacity":"","overlay-gradient":""}},"footnotes":""},"class_list":["post-4517","page","type-page","status-publish","hentry"],"_links":{"self":[{"href":"https:\/\/buynoveltydoc.com\/sv\/wp-json\/wp\/v2\/pages\/4517","targetHints":{"allow":["GET"]}}],"collection":[{"href":"https:\/\/buynoveltydoc.com\/sv\/wp-json\/wp\/v2\/pages"}],"about":[{"href":"https:\/\/buynoveltydoc.com\/sv\/wp-json\/wp\/v2\/types\/page"}],"author":[{"embeddable":true,"href":"https:\/\/buynoveltydoc.com\/sv\/wp-json\/wp\/v2\/users\/1"}],"replies":[{"embeddable":true,"href":"https:\/\/buynoveltydoc.com\/sv\/wp-json\/wp\/v2\/comments?post=4517"}],"version-history":[{"count":0,"href":"https:\/\/buynoveltydoc.com\/sv\/wp-json\/wp\/v2\/pages\/4517\/revisions"}],"wp:attachment":[{"href":"https:\/\/buynoveltydoc.com\/sv\/wp-json\/wp\/v2\/media?parent=4517"}],"curies":[{"name":"wp","href":"https:\/\/api.w.org\/{rel}","templated":true}]}}