{"id":5036,"date":"2023-09-26T15:11:44","date_gmt":"2023-09-26T14:11:44","guid":{"rendered":"https:\/\/buynoveltydoc.com\/kopa-fodelseattest\/"},"modified":"2024-05-28T17:54:31","modified_gmt":"2024-05-28T16:54:31","slug":"kopa-fodelseattest","status":"publish","type":"page","link":"https:\/\/buynoveltydoc.com\/sv\/kopa-fodelseattest\/","title":{"rendered":"K\u00f6p f\u00f6delsebevis"},"content":{"rendered":"\t\t<div data-elementor-type=\"wp-page\" data-elementor-id=\"5036\" class=\"elementor elementor-5036 elementor-631\">\n\t\t\t\t\t\t<section class=\"elementor-section elementor-top-section elementor-element elementor-element-bc8fc01 elementor-section-boxed elementor-section-height-default elementor-section-height-default\" data-id=\"bc8fc01\" data-element_type=\"section\">\n\t\t\t\t\t\t\t<div class=\"elementor-background-overlay\"><\/div>\n\t\t\t\t\t\t\t<div class=\"elementor-container elementor-column-gap-no\">\n\t\t\t\t\t<div class=\"elementor-column elementor-col-100 elementor-top-column elementor-element elementor-element-a5d3828\" data-id=\"a5d3828\" data-element_type=\"column\">\n\t\t\t<div class=\"elementor-widget-wrap elementor-element-populated\">\n\t\t\t\t\t\t<div class=\"elementor-element elementor-element-00ee863 elementor-widget elementor-widget-heading\" data-id=\"00ee863\" data-element_type=\"widget\" data-widget_type=\"heading.default\">\n\t\t\t\t<div class=\"elementor-widget-container\">\n\t\t\t\t\t<h1 class=\"elementor-heading-title elementor-size-default\">K\u00f6p \u00e4kta eller falskt f\u00f6delsebevis<\/h1>\t\t\t\t<\/div>\n\t\t\t\t<\/div>\n\t\t\t\t<div class=\"elementor-element elementor-element-055f194 elementor-widget elementor-widget-text-editor\" data-id=\"055f194\" data-element_type=\"widget\" data-widget_type=\"text-editor.default\">\n\t\t\t\t<div class=\"elementor-widget-container\">\n\t\t\t\t\t\t\t\t\t<h3>Din ultimata guide f\u00f6r att k\u00f6pa realistiska falska f\u00f6delsebevis online<\/h3>\n\t\t\t\t\t\t\t\t<\/div>\n\t\t\t\t<\/div>\n\t\t\t\t<div class=\"elementor-element elementor-element-4f7b21b elementor-widget elementor-widget-image\" data-id=\"4f7b21b\" data-element_type=\"widget\" data-widget_type=\"image.default\">\n\t\t\t\t<div class=\"elementor-widget-container\">\n\t\t\t\t\t\t\t\t\t\t\t\t\t\t\t<img fetchpriority=\"high\" decoding=\"async\" width=\"1600\" height=\"1067\" src=\"https:\/\/buynoveltydoc.com\/wp-content\/uploads\/2023\/10\/11-1.jpg\" class=\"attachment-full size-full wp-image-885\" alt=\"buy birth certificate | fake certificate of live birth maker\" srcset=\"https:\/\/buynoveltydoc.com\/wp-content\/uploads\/2023\/10\/11-1.jpg 1600w, https:\/\/buynoveltydoc.com\/wp-content\/uploads\/2023\/10\/11-1-300x200.jpg 300w, https:\/\/buynoveltydoc.com\/wp-content\/uploads\/2023\/10\/11-1-1024x683.jpg 1024w, https:\/\/buynoveltydoc.com\/wp-content\/uploads\/2023\/10\/11-1-768x512.jpg 768w, https:\/\/buynoveltydoc.com\/wp-content\/uploads\/2023\/10\/11-1-1536x1024.jpg 1536w\" sizes=\"(max-width: 1600px) 100vw, 1600px\" \/>\t\t\t\t\t\t\t\t\t\t\t\t\t\t\t<\/div>\n\t\t\t\t<\/div>\n\t\t\t\t\t<\/div>\n\t\t<\/div>\n\t\t\t\t\t<\/div>\n\t\t<\/section>\n\t\t\t\t<section class=\"elementor-section elementor-top-section elementor-element elementor-element-203e937 elementor-section-boxed elementor-section-height-default elementor-section-height-default\" data-id=\"203e937\" data-element_type=\"section\">\n\t\t\t\t\t\t\t<div class=\"elementor-background-overlay\"><\/div>\n\t\t\t\t\t\t\t<div class=\"elementor-container elementor-column-gap-no\">\n\t\t\t\t\t<div class=\"elementor-column elementor-col-100 elementor-top-column elementor-element elementor-element-3061d9e\" data-id=\"3061d9e\" data-element_type=\"column\">\n\t\t\t<div class=\"elementor-widget-wrap elementor-element-populated\">\n\t\t\t\t\t\t<div class=\"elementor-element elementor-element-33162ba elementor-widget elementor-widget-text-editor\" data-id=\"33162ba\" data-element_type=\"widget\" data-widget_type=\"text-editor.default\">\n\t\t\t\t<div class=\"elementor-widget-container\">\n\t\t\t\t\t\t\t\t\t<h3 class=\"whitespace-pre-wrap text-th-primary-dark antialiased break-words \">Inf\u00f6randet<\/h3>\n<div class=\"whitespace-pre-wrap text-th-primary-dark antialiased break-words \">\u00c4r du i behov av ett f\u00f6delsebevis men vill inte g\u00e5 igenom den l\u00e5nga och dyra processen? D\u00e5 beh\u00f6ver du inte leta l\u00e4ngre! K\u00f6p <span style=\"color: #020101;\"><br \/>\n  <a style=\"color: #020101;\" href=\"https:\/\/en.wikipedia.org\/wiki\/Birth_certificate\" target=\"_blank\" rel=\"noopener\">f\u00f6delsebevis<\/a><br \/>\n<\/span> fr\u00e5n oss. Vi erbjuder h\u00f6gkvalitativa, realistiska falska f\u00f6delsebevis som inte g\u00e5r att skilja fr\u00e5n de riktiga. Oavsett om du beh\u00f6ver det f\u00f6r nyhets\u00e4ndam\u00e5l eller som en tillf\u00e4llig l\u00f6sning f\u00f6r juridisk identifiering, \u00e4r v\u00e5ra certifikat det perfekta valet. I den h\u00e4r omfattande guiden g\u00e5r vi igenom processen f\u00f6r att k\u00f6pa ett falskt f\u00f6delsebevis online, s\u00e5 att du f\u00e5r b\u00e4sta kvalitet och valuta f\u00f6r pengarna.<\/div>\n<div> <\/div>\n<h3 class=\"whitespace-pre-wrap text-th-primary-dark antialiased break-words \">Vikten av f\u00f6delsebevis<\/h3>\n<div class=\"whitespace-pre-wrap text-th-primary-dark antialiased break-words \">F\u00f6delsebevis \u00e4r viktiga dokument som ger viktig information om en individ, inklusive deras fullst\u00e4ndiga namn, f\u00f6delsedatum, f\u00f6delseort och f\u00f6r\u00e4ldrarnas uppgifter. De fungerar som identitetsbevis och kr\u00e4vs f\u00f6r olika \u00e4ndam\u00e5l som att skaffa ett pass, skriva in sig i skolan och ans\u00f6ka om statliga f\u00f6rm\u00e5ner. Den traditionella processen f\u00f6r att f\u00e5 ett f\u00f6delsebevis kan dock vara tidskr\u00e4vande och dyr.<\/div>\n<div> <\/div>\n<h3 class=\"whitespace-pre-wrap text-th-primary-dark antialiased break-words \">Behovet av falska f\u00f6delsebevis<\/h3>\n<div class=\"whitespace-pre-wrap text-th-primary-dark antialiased break-words \">Det finns legitima sk\u00e4l till varf\u00f6r m\u00e4nniskor kan kr\u00e4va <span style=\"color: #020101;\"><br \/>\n  <a style=\"color: #020101;\" href=\"https:\/\/www.pinterest.com\/pin\/birth-certificate-template--403916660341982899\/\" target=\"_blank\" rel=\"noopener\">falska f\u00f6delsebevis<\/a><br \/>\n<\/span>. Vissa individer kan beh\u00f6va dem f\u00f6r personlig dokumentation, medan andra kan anv\u00e4nda dem f\u00f6r olaglig verksamhet. Det \u00e4r viktigt att notera att anv\u00e4ndning av falska f\u00f6delsebevis av l\u00e5g kvalitet kan leda till r\u00e4ttsliga konsekvenser. V\u00e5r tj\u00e4nst tillhandah\u00e5ller h\u00f6gkvalitativa kopior som \u00e4r praktiskt taget identiska med \u00e4kta f\u00f6delsebevis, vilket garanterar din sinnesfrid.<\/div>\n<div> <\/div>\n<h3 class=\"whitespace-pre-wrap text-th-primary-dark antialiased break-words \">K\u00f6p f\u00f6delsebevis online: Autentiska kopior av f\u00f6delsebevis<\/h3>\n<div class=\"whitespace-pre-wrap text-th-primary-dark antialiased break-words \">Vi \u00e4r stolta \u00f6ver att kunna erbjuda 100 % skr\u00e4ddarsydda och autentiska kopior av sjukhusutf\u00e4rdade f\u00f6delsebevis. V\u00e5ra certifikat \u00e4r perfekta f\u00f6r uppt\u00e5g, nyhets\u00e4ndam\u00e5l eller helt enkelt f\u00f6r att l\u00e4gga till en touch av unikhet i ditt liv. Vi anv\u00e4nder en samling realistiska f\u00f6delseattestmallar fr\u00e5n olika stater i USA, inklusive Alaska, Kalifornien, New York och mer. Dessutom tillhandah\u00e5ller vi mallar f\u00f6r amerikanska territorier, vilket s\u00e4kerst\u00e4ller ett brett utbud av alternativ att v\u00e4lja mellan.<\/div>\n\t\t\t\t\t\t\t\t<\/div>\n\t\t\t\t<\/div>\n\t\t\t\t<section class=\"elementor-section elementor-inner-section elementor-element elementor-element-e790fe0 elementor-section-boxed elementor-section-height-default elementor-section-height-default\" data-id=\"e790fe0\" data-element_type=\"section\">\n\t\t\t\t\t\t<div class=\"elementor-container elementor-column-gap-no\">\n\t\t\t\t\t<div class=\"elementor-column elementor-col-50 elementor-inner-column elementor-element elementor-element-4103332\" data-id=\"4103332\" data-element_type=\"column\">\n\t\t\t<div class=\"elementor-widget-wrap elementor-element-populated\">\n\t\t\t\t\t\t<div class=\"elementor-element elementor-element-ad71764 elementor-widget elementor-widget-image\" data-id=\"ad71764\" data-element_type=\"widget\" data-widget_type=\"image.default\">\n\t\t\t\t<div class=\"elementor-widget-container\">\n\t\t\t\t\t\t\t\t\t\t\t\t\t\t\t<img decoding=\"async\" width=\"1024\" height=\"683\" src=\"https:\/\/buynoveltydoc.com\/wp-content\/uploads\/2023\/10\/13-1-1024x683.jpg\" class=\"attachment-large size-large wp-image-886\" alt=\"fake birth certificate online\" srcset=\"https:\/\/buynoveltydoc.com\/wp-content\/uploads\/2023\/10\/13-1-1024x683.jpg 1024w, https:\/\/buynoveltydoc.com\/wp-content\/uploads\/2023\/10\/13-1-300x200.jpg 300w, https:\/\/buynoveltydoc.com\/wp-content\/uploads\/2023\/10\/13-1-768x512.jpg 768w, https:\/\/buynoveltydoc.com\/wp-content\/uploads\/2023\/10\/13-1-1536x1024.jpg 1536w, https:\/\/buynoveltydoc.com\/wp-content\/uploads\/2023\/10\/13-1.jpg 1600w\" sizes=\"(max-width: 1024px) 100vw, 1024px\" \/>\t\t\t\t\t\t\t\t\t\t\t\t\t\t\t<\/div>\n\t\t\t\t<\/div>\n\t\t\t\t\t<\/div>\n\t\t<\/div>\n\t\t\t\t<div class=\"elementor-column elementor-col-50 elementor-inner-column elementor-element elementor-element-47033ed\" data-id=\"47033ed\" data-element_type=\"column\">\n\t\t\t<div class=\"elementor-widget-wrap elementor-element-populated\">\n\t\t\t\t\t\t<div class=\"elementor-element elementor-element-735baa4 elementor-widget elementor-widget-image\" data-id=\"735baa4\" data-element_type=\"widget\" data-widget_type=\"image.default\">\n\t\t\t\t<div class=\"elementor-widget-container\">\n\t\t\t\t\t\t\t\t\t\t\t\t\t\t\t<img decoding=\"async\" width=\"1024\" height=\"683\" src=\"https:\/\/buynoveltydoc.com\/wp-content\/uploads\/2023\/10\/10-1-1024x683.jpg\" class=\"attachment-large size-large wp-image-884\" alt=\"fake live birth certificate online\" srcset=\"https:\/\/buynoveltydoc.com\/wp-content\/uploads\/2023\/10\/10-1-1024x683.jpg 1024w, https:\/\/buynoveltydoc.com\/wp-content\/uploads\/2023\/10\/10-1-300x200.jpg 300w, https:\/\/buynoveltydoc.com\/wp-content\/uploads\/2023\/10\/10-1-768x512.jpg 768w, https:\/\/buynoveltydoc.com\/wp-content\/uploads\/2023\/10\/10-1-1536x1024.jpg 1536w, https:\/\/buynoveltydoc.com\/wp-content\/uploads\/2023\/10\/10-1.jpg 1600w\" sizes=\"(max-width: 1024px) 100vw, 1024px\" \/>\t\t\t\t\t\t\t\t\t\t\t\t\t\t\t<\/div>\n\t\t\t\t<\/div>\n\t\t\t\t\t<\/div>\n\t\t<\/div>\n\t\t\t\t\t<\/div>\n\t\t<\/section>\n\t\t\t\t\t<\/div>\n\t\t<\/div>\n\t\t\t\t\t<\/div>\n\t\t<\/section>\n\t\t\t\t<section class=\"elementor-section elementor-top-section elementor-element elementor-element-1f88398 elementor-section-boxed elementor-section-height-default elementor-section-height-default\" data-id=\"1f88398\" data-element_type=\"section\">\n\t\t\t\t\t\t\t<div class=\"elementor-background-overlay\"><\/div>\n\t\t\t\t\t\t\t<div class=\"elementor-container elementor-column-gap-no\">\n\t\t\t\t\t<div class=\"elementor-column elementor-col-100 elementor-top-column elementor-element elementor-element-5e52012\" data-id=\"5e52012\" data-element_type=\"column\">\n\t\t\t<div class=\"elementor-widget-wrap elementor-element-populated\">\n\t\t\t\t\t\t<div class=\"elementor-element elementor-element-1895c6b elementor-widget elementor-widget-text-editor\" data-id=\"1895c6b\" data-element_type=\"widget\" data-widget_type=\"text-editor.default\">\n\t\t\t\t<div class=\"elementor-widget-container\">\n\t\t\t\t\t\t\t\t\t<h3 class=\"whitespace-pre-wrap text-th-primary-dark antialiased break-words \">H\u00f6gkvalitativa f\u00f6delseattestmallar till salu<\/h3>\n<div class=\"whitespace-pre-wrap text-th-primary-dark antialiased break-words \">V\u00e5ra mallar f\u00f6r f\u00f6delsebevis \u00e4r av h\u00f6gsta kvalitet, vilket garanterar b\u00e4sta m\u00f6jliga utskrifter. Vi anv\u00e4nder speciella program med biometrisk registrering i databasen, vilket g\u00f6r v\u00e5ra certifikat praktiskt taget om\u00f6jliga att skilja fr\u00e5n \u00e4kta. Dessa mallar kan kontrolleras med viktiga poster, vilket ger ett extra lager av autenticitet.<\/div>\n<div> <\/div>\n<h3 class=\"whitespace-pre-wrap text-th-primary-dark antialiased break-words \">Hur man f\u00e5r ett f\u00f6delsebevis: Processen att best\u00e4lla ett falskt f\u00f6delsebevis<\/h3>\n<div class=\"whitespace-pre-wrap text-th-primary-dark antialiased break-words \">Att best\u00e4lla ett falskt f\u00f6delsebevis fr\u00e5n oss \u00e4r en enkel och okomplicerad process. Du kan v\u00e4lja fr\u00e5n v\u00e5r omfattande samling av mallar och ange n\u00f6dv\u00e4ndiga detaljer, s\u00e5som \u00f6nskat tillst\u00e5nd och personlig information. V\u00e5ra insiders, som arbetar direkt med oss, ser till att databasregistreringen \u00e4r korrekt och uppfyller lagkraven. Detta garanterar att ditt falska f\u00f6delsebevis kommer att klara alla verifieringsprocesser som utf\u00f6rs av myndigheter eller levande f\u00f6delsecenter.<\/div>\n<div> <\/div>\n<div>\n<h3 class=\"whitespace-pre-wrap text-th-primary-dark antialiased break-words \">F\u00f6rdelar med falska f\u00f6delsebevis<\/h3>\n<div class=\"whitespace-pre-wrap text-th-primary-dark antialiased break-words \">V\u00e5ra realistiska falska f\u00f6delsebevis erbjuder m\u00e5nga f\u00f6rdelar. De \u00e4r kostnadseffektiva och sparar tid och pengar j\u00e4mf\u00f6rt med den traditionella processen. De \u00e4r ocks\u00e5 anpassningsbara, s\u00e5 att du kan v\u00e4lja mellan ett brett utbud av mallar och anpassningsalternativ. Oavsett om du beh\u00f6ver en tillf\u00e4llig l\u00f6sning f\u00f6r identifiering eller en unik minnessak, \u00e4r v\u00e5ra certifikat det perfekta valet.<\/div>\n<div> <\/div>\n<h3 class=\"whitespace-pre-wrap text-th-primary-dark antialiased break-words \">Slutsats<\/h3>\n<div class=\"whitespace-pre-wrap text-th-primary-dark antialiased break-words \">Sammanfattningsvis erbjuder v\u00e5r tj\u00e4nst en p\u00e5litlig och laglig l\u00f6sning f\u00f6r att f\u00e5 realistiska falska f\u00f6delsebevis. Med v\u00e5ra h\u00f6gkvalitativa mallar och uppm\u00e4rksamhet p\u00e5 detaljer kan du tryggt anv\u00e4nda v\u00e5ra certifikat f\u00f6r olika \u00e4ndam\u00e5l. Kom ih\u00e5g att alltid prioritera laglighet och konfidentialitet n\u00e4r du skaffar dokumentation. Vidta \u00e5tg\u00e4rder nu och <strong><br \/>\n  <a href=\"https:\/\/buynoveltydoc.com\/sv\/kontakt\/\">kontakta oss<\/a><br \/>\n<\/strong> f\u00f6r att f\u00e5 ditt realistiska falska f\u00f6delsebevis idag!<\/div>\n<\/div>\n\t\t\t\t\t\t\t\t<\/div>\n\t\t\t\t<\/div>\n\t\t\t\t\t<\/div>\n\t\t<\/div>\n\t\t\t\t\t<\/div>\n\t\t<\/section>\n\t\t\t\t<section class=\"elementor-section elementor-top-section elementor-element elementor-element-4271066 elementor-section-boxed elementor-section-height-default elementor-section-height-default\" data-id=\"4271066\" data-element_type=\"section\" data-settings=\"{&quot;background_background&quot;:&quot;classic&quot;}\">\n\t\t\t\t\t\t\t<div class=\"elementor-background-overlay\"><\/div>\n\t\t\t\t\t\t\t<div class=\"elementor-container elementor-column-gap-no\">\n\t\t\t\t\t<div class=\"elementor-column elementor-col-50 elementor-top-column elementor-element elementor-element-b5bef14\" data-id=\"b5bef14\" data-element_type=\"column\">\n\t\t\t<div class=\"elementor-widget-wrap elementor-element-populated\">\n\t\t\t\t\t\t<div class=\"elementor-element elementor-element-9021dec elementor-view-stacked elementor-position-inline-start elementor-shape-circle elementor-mobile-position-block-start elementor-widget elementor-widget-icon-box\" data-id=\"9021dec\" data-element_type=\"widget\" data-widget_type=\"icon-box.default\">\n\t\t\t\t<div class=\"elementor-widget-container\">\n\t\t\t\t\t\t\t<div class=\"elementor-icon-box-wrapper\">\n\n\t\t\t\t\t\t<div class=\"elementor-icon-box-icon\">\n\t\t\t\t<span  class=\"elementor-icon\">\n\t\t\t\t<i aria-hidden=\"true\" class=\"fas fa-envelope-open-text\"><\/i>\t\t\t\t<\/span>\n\t\t\t<\/div>\n\t\t\t\n\t\t\t\t\t\t<div class=\"elementor-icon-box-content\">\n\n\t\t\t\t\t\t\t\t\t<h3 class=\"elementor-icon-box-title\">\n\t\t\t\t\t\t<span  >\n\t\t\t\t\t\t\tPrenumerera p\u00e5 v\u00e5rt nyhetsbrev\t\t\t\t\t\t<\/span>\n\t\t\t\t\t<\/h3>\n\t\t\t\t\n\t\t\t\t\t\t\t\t\t<p class=\"elementor-icon-box-description\">\n\t\t\t\t\t\tH\u00e5ll kontakten med oss f\u00f6r att f\u00e5 de senaste nyheterna och specialerbjudanden.\t\t\t\t\t<\/p>\n\t\t\t\t\n\t\t\t<\/div>\n\t\t\t\n\t\t<\/div>\n\t\t\t\t\t\t<\/div>\n\t\t\t\t<\/div>\n\t\t\t\t\t<\/div>\n\t\t<\/div>\n\t\t\t\t<div class=\"elementor-column elementor-col-50 elementor-top-column elementor-element elementor-element-907c396\" data-id=\"907c396\" data-element_type=\"column\">\n\t\t\t<div class=\"elementor-widget-wrap elementor-element-populated\">\n\t\t\t\t\t\t<div class=\"elementor-element elementor-element-8a6e9d1 elementor-widget elementor-widget-wp-widget-wpforms-widget\" data-id=\"8a6e9d1\" data-element_type=\"widget\" data-widget_type=\"wp-widget-wpforms-widget.default\">\n\t\t\t\t<div class=\"elementor-widget-container\">\n\t\t\t\t\t<div class=\"wpforms-container inline-fields\" id=\"wpforms-9\"><form id=\"wpforms-form-9\" class=\"wpforms-validate wpforms-form\" data-formid=\"9\" method=\"post\" enctype=\"multipart\/form-data\" action=\"\/sv\/wp-json\/wp\/v2\/pages\/5036\" data-token=\"bd13ed58bc3067ddc2375d9d0fbec69e\"><noscript class=\"wpforms-error-noscript\">Aktivera JavaScript i din webbl\u00e4sare f\u00f6r att fylla i formul\u00e4ret.<\/noscript><div class=\"wpforms-field-container\"><div id=\"wpforms-9-field_1-container\" class=\"wpforms-field wpforms-field-email\" data-field-id=\"1\"><label class=\"wpforms-field-label wpforms-label-hide\" for=\"wpforms-9-field_1\">E-post <span class=\"wpforms-required-label\">*<\/span><\/label><input type=\"email\" id=\"wpforms-9-field_1\" class=\"wpforms-field-large wpforms-field-required\" name=\"wpforms[fields][1]\" placeholder=\"Din e-postadress\" spellcheck=\"false\" required><\/div><\/div><!-- .wpforms-field-container --><div class=\"wpforms-submit-container\" ><input type=\"hidden\" name=\"wpforms[id]\" value=\"9\"><input type=\"hidden\" name=\"wpforms[author]\" value=\"1\"><button type=\"submit\" name=\"wpforms[submit]\" id=\"wpforms-submit-9\" class=\"wpforms-submit\" data-alt-text=\"Skicka...\" data-submit-text=\"Abonnera\" aria-live=\"assertive\" value=\"wpforms-submit\">Abonnera<\/button><\/div><\/form><\/div>  <!-- .wpforms-container -->\t\t\t\t<\/div>\n\t\t\t\t<\/div>\n\t\t\t\t\t<\/div>\n\t\t<\/div>\n\t\t\t\t\t<\/div>\n\t\t<\/section>\n\t\t\t\t<section class=\"elementor-section elementor-top-section elementor-element elementor-element-bba4fa8 elementor-section-boxed elementor-section-height-default elementor-section-height-default\" data-id=\"bba4fa8\" data-element_type=\"section\" data-settings=\"{&quot;background_background&quot;:&quot;classic&quot;}\">\n\t\t\t\t\t\t<div class=\"elementor-container elementor-column-gap-no\">\n\t\t\t\t\t<div class=\"elementor-column elementor-col-33 elementor-top-column elementor-element elementor-element-1540cc4\" data-id=\"1540cc4\" data-element_type=\"column\">\n\t\t\t<div class=\"elementor-widget-wrap elementor-element-populated\">\n\t\t\t\t\t\t<div class=\"elementor-element elementor-element-e2510c9 elementor-position-inline-start elementor-widget__width-auto elementor-widget-mobile__width-inherit elementor-view-default elementor-mobile-position-block-start elementor-widget elementor-widget-icon-box\" data-id=\"e2510c9\" data-element_type=\"widget\" data-widget_type=\"icon-box.default\">\n\t\t\t\t<div class=\"elementor-widget-container\">\n\t\t\t\t\t\t\t<div class=\"elementor-icon-box-wrapper\">\n\n\t\t\t\t\t\t<div class=\"elementor-icon-box-icon\">\n\t\t\t\t<span  class=\"elementor-icon\">\n\t\t\t\t<i aria-hidden=\"true\" class=\"fas fa-map-marker-alt\"><\/i>\t\t\t\t<\/span>\n\t\t\t<\/div>\n\t\t\t\n\t\t\t\t\t\t<div class=\"elementor-icon-box-content\">\n\n\t\t\t\t\t\t\t\t\t<h4 class=\"elementor-icon-box-title\">\n\t\t\t\t\t\t<span  >\n\t\t\t\t\t\t\tAdress\t\t\t\t\t\t<\/span>\n\t\t\t\t\t<\/h4>\n\t\t\t\t\n\t\t\t\t\t\t\t\t\t<p class=\"elementor-icon-box-description\">\n\t\t\t\t\t\t2792 Pawtucket Ave, Rhode Island\t\t\t\t\t<\/p>\n\t\t\t\t\n\t\t\t<\/div>\n\t\t\t\n\t\t<\/div>\n\t\t\t\t\t\t<\/div>\n\t\t\t\t<\/div>\n\t\t\t\t\t<\/div>\n\t\t<\/div>\n\t\t\t\t<div class=\"elementor-column elementor-col-33 elementor-top-column elementor-element elementor-element-7093530\" data-id=\"7093530\" data-element_type=\"column\">\n\t\t\t<div class=\"elementor-widget-wrap elementor-element-populated\">\n\t\t\t\t\t\t<div class=\"elementor-element elementor-element-1e0c831 elementor-position-inline-start elementor-widget__width-auto elementor-widget-mobile__width-inherit elementor-view-default elementor-mobile-position-block-start elementor-widget elementor-widget-icon-box\" data-id=\"1e0c831\" data-element_type=\"widget\" data-widget_type=\"icon-box.default\">\n\t\t\t\t<div class=\"elementor-widget-container\">\n\t\t\t\t\t\t\t<div class=\"elementor-icon-box-wrapper\">\n\n\t\t\t\t\t\t<div class=\"elementor-icon-box-icon\">\n\t\t\t\t<span  class=\"elementor-icon\">\n\t\t\t\t<i aria-hidden=\"true\" class=\"fas fa-phone\"><\/i>\t\t\t\t<\/span>\n\t\t\t<\/div>\n\t\t\t\n\t\t\t\t\t\t<div class=\"elementor-icon-box-content\">\n\n\t\t\t\t\t\t\t\t\t<h4 class=\"elementor-icon-box-title\">\n\t\t\t\t\t\t<span  >\n\t\t\t\t\t\t\tRing oss\t\t\t\t\t\t<\/span>\n\t\t\t\t\t<\/h4>\n\t\t\t\t\n\t\t\t\t\t\t\t\t\t<p class=\"elementor-icon-box-description\">\n\t\t\t\t\t\t+1 (401) 206-4550\t\t\t\t\t<\/p>\n\t\t\t\t\n\t\t\t<\/div>\n\t\t\t\n\t\t<\/div>\n\t\t\t\t\t\t<\/div>\n\t\t\t\t<\/div>\n\t\t\t\t\t<\/div>\n\t\t<\/div>\n\t\t\t\t<div class=\"elementor-column elementor-col-33 elementor-top-column elementor-element elementor-element-e6679d1\" data-id=\"e6679d1\" data-element_type=\"column\">\n\t\t\t<div class=\"elementor-widget-wrap elementor-element-populated\">\n\t\t\t\t\t\t<div class=\"elementor-element elementor-element-7d133f0 elementor-position-inline-start elementor-widget__width-auto elementor-widget-mobile__width-inherit elementor-view-default elementor-mobile-position-block-start elementor-widget elementor-widget-icon-box\" data-id=\"7d133f0\" data-element_type=\"widget\" data-widget_type=\"icon-box.default\">\n\t\t\t\t<div class=\"elementor-widget-container\">\n\t\t\t\t\t\t\t<div class=\"elementor-icon-box-wrapper\">\n\n\t\t\t\t\t\t<div class=\"elementor-icon-box-icon\">\n\t\t\t\t<a href=\"mailto:contact@buynoveltydoc.com\" class=\"elementor-icon\" tabindex=\"-1\" aria-label=\"Skicka e-post till oss\">\n\t\t\t\t<i aria-hidden=\"true\" class=\"fas fa-envelope\"><\/i>\t\t\t\t<\/a>\n\t\t\t<\/div>\n\t\t\t\n\t\t\t\t\t\t<div class=\"elementor-icon-box-content\">\n\n\t\t\t\t\t\t\t\t\t<h4 class=\"elementor-icon-box-title\">\n\t\t\t\t\t\t<a href=\"mailto:contact@buynoveltydoc.com\" >\n\t\t\t\t\t\t\tSkicka e-post till oss\t\t\t\t\t\t<\/a>\n\t\t\t\t\t<\/h4>\n\t\t\t\t\n\t\t\t\t\t\t\t\t\t<p class=\"elementor-icon-box-description\">\n\t\t\t\t\t\tcontact@buynoveltydoc.com\t\t\t\t\t<\/p>\n\t\t\t\t\n\t\t\t<\/div>\n\t\t\t\n\t\t<\/div>\n\t\t\t\t\t\t<\/div>\n\t\t\t\t<\/div>\n\t\t\t\t\t<\/div>\n\t\t<\/div>\n\t\t\t\t\t<\/div>\n\t\t<\/section>\n\t\t\t\t<\/div>\n\t\t","protected":false},"excerpt":{"rendered":"<p>K\u00f6p \u00e4kta eller falskt f\u00f6delsebevis Din ultimata guide f\u00f6r att k\u00f6pa realistiska falska f\u00f6delsebevis online Inf\u00f6randet \u00c4r du i behov av ett f\u00f6delsebevis men vill inte g\u00e5 igenom den l\u00e5nga och dyra processen? D\u00e5 beh\u00f6ver du inte leta l\u00e4ngre! K\u00f6p f\u00f6delsebevis fr\u00e5n oss. Vi erbjuder h\u00f6gkvalitativa, realistiska falska f\u00f6delsebevis som inte g\u00e5r att skilja fr\u00e5n [&hellip;]<\/p>\n","protected":false},"author":1,"featured_media":0,"parent":0,"menu_order":0,"comment_status":"closed","ping_status":"closed","template":"","meta":{"site-sidebar-layout":"no-sidebar","site-content-layout":"page-builder","ast-site-content-layout":"full-width-container","site-content-style":"unboxed","site-sidebar-style":"unboxed","ast-global-header-display":"","ast-banner-title-visibility":"","ast-main-header-display":"","ast-hfb-above-header-display":"","ast-hfb-below-header-display":"","ast-hfb-mobile-header-display":"","site-post-title":"disabled","ast-breadcrumbs-content":"","ast-featured-img":"disabled","footer-sml-layout":"","theme-transparent-header-meta":"enabled","adv-header-id-meta":"","stick-header-meta":"","header-above-stick-meta":"","header-main-stick-meta":"","header-below-stick-meta":"","astra-migrate-meta-layouts":"default","ast-page-background-enabled":"default","ast-page-background-meta":{"desktop":{"background-color":"","background-image":"","background-repeat":"repeat","background-position":"center center","background-size":"auto","background-attachment":"scroll","background-type":"","background-media":"","overlay-type":"","overlay-color":"","overlay-opacity":"","overlay-gradient":""},"tablet":{"background-color":"","background-image":"","background-repeat":"repeat","background-position":"center center","background-size":"auto","background-attachment":"scroll","background-type":"","background-media":"","overlay-type":"","overlay-color":"","overlay-opacity":"","overlay-gradient":""},"mobile":{"background-color":"","background-image":"","background-repeat":"repeat","background-position":"center center","background-size":"auto","background-attachment":"scroll","background-type":"","background-media":"","overlay-type":"","overlay-color":"","overlay-opacity":"","overlay-gradient":""}},"ast-content-background-meta":{"desktop":{"background-color":"var(--ast-global-color-5)","background-image":"","background-repeat":"repeat","background-position":"center center","background-size":"auto","background-attachment":"scroll","background-type":"","background-media":"","overlay-type":"","overlay-color":"","overlay-opacity":"","overlay-gradient":""},"tablet":{"background-color":"var(--ast-global-color-5)","background-image":"","background-repeat":"repeat","background-position":"center center","background-size":"auto","background-attachment":"scroll","background-type":"","background-media":"","overlay-type":"","overlay-color":"","overlay-opacity":"","overlay-gradient":""},"mobile":{"background-color":"var(--ast-global-color-5)","background-image":"","background-repeat":"repeat","background-position":"center center","background-size":"auto","background-attachment":"scroll","background-type":"","background-media":"","overlay-type":"","overlay-color":"","overlay-opacity":"","overlay-gradient":""}},"footnotes":""},"class_list":["post-5036","page","type-page","status-publish","hentry"],"_links":{"self":[{"href":"https:\/\/buynoveltydoc.com\/sv\/wp-json\/wp\/v2\/pages\/5036","targetHints":{"allow":["GET"]}}],"collection":[{"href":"https:\/\/buynoveltydoc.com\/sv\/wp-json\/wp\/v2\/pages"}],"about":[{"href":"https:\/\/buynoveltydoc.com\/sv\/wp-json\/wp\/v2\/types\/page"}],"author":[{"embeddable":true,"href":"https:\/\/buynoveltydoc.com\/sv\/wp-json\/wp\/v2\/users\/1"}],"replies":[{"embeddable":true,"href":"https:\/\/buynoveltydoc.com\/sv\/wp-json\/wp\/v2\/comments?post=5036"}],"version-history":[{"count":0,"href":"https:\/\/buynoveltydoc.com\/sv\/wp-json\/wp\/v2\/pages\/5036\/revisions"}],"wp:attachment":[{"href":"https:\/\/buynoveltydoc.com\/sv\/wp-json\/wp\/v2\/media?parent=5036"}],"curies":[{"name":"wp","href":"https:\/\/api.w.org\/{rel}","templated":true}]}}