{"id":3795,"date":"2023-09-01T23:07:02","date_gmt":"2023-09-01T22:07:02","guid":{"rendered":"https:\/\/buynoveltydoc.com\/pilot-lisansi-satin-al\/"},"modified":"2024-05-28T16:13:06","modified_gmt":"2024-05-28T15:13:06","slug":"pilot-lisansi-satin-al","status":"publish","type":"page","link":"https:\/\/buynoveltydoc.com\/tr\/pilot-lisansi-satin-al\/","title":{"rendered":"Pilot Lisanslar\u0131 Sat\u0131n Al\u0131n"},"content":{"rendered":"\t\t<div data-elementor-type=\"wp-page\" data-elementor-id=\"3795\" class=\"elementor elementor-3795 elementor-481\">\n\t\t\t\t\t\t<section class=\"elementor-section elementor-top-section elementor-element elementor-element-bc8fc01 elementor-section-boxed elementor-section-height-default elementor-section-height-default\" data-id=\"bc8fc01\" data-element_type=\"section\">\n\t\t\t\t\t\t\t<div class=\"elementor-background-overlay\"><\/div>\n\t\t\t\t\t\t\t<div class=\"elementor-container elementor-column-gap-no\">\n\t\t\t\t\t<div class=\"elementor-column elementor-col-100 elementor-top-column elementor-element elementor-element-a5d3828\" data-id=\"a5d3828\" data-element_type=\"column\">\n\t\t\t<div class=\"elementor-widget-wrap elementor-element-populated\">\n\t\t\t\t\t\t<div class=\"elementor-element elementor-element-00ee863 elementor-widget elementor-widget-heading\" data-id=\"00ee863\" data-element_type=\"widget\" data-widget_type=\"heading.default\">\n\t\t\t\t<div class=\"elementor-widget-container\">\n\t\t\t\t\t<h1 class=\"elementor-heading-title elementor-size-default\">Ger\u00e7ek veya Sahte Pilot Lisans Kart\u0131 Sat\u0131n Al\u0131n<\/h1>\t\t\t\t<\/div>\n\t\t\t\t<\/div>\n\t\t\t\t<div class=\"elementor-element elementor-element-055f194 elementor-widget elementor-widget-text-editor\" data-id=\"055f194\" data-element_type=\"widget\" data-widget_type=\"text-editor.default\">\n\t\t\t\t<div class=\"elementor-widget-container\">\n\t\t\t\t\t\t\t\t\t<h3>S\u0131navlar\u0131n ve kapsaml\u0131 e\u011fitimlerin hayallerinizi engellemesine izin vermeyin<\/h3>\n\t\t\t\t\t\t\t\t<\/div>\n\t\t\t\t<\/div>\n\t\t\t\t<div class=\"elementor-element elementor-element-4f7b21b elementor-widget elementor-widget-image\" data-id=\"4f7b21b\" data-element_type=\"widget\" data-widget_type=\"image.default\">\n\t\t\t\t<div class=\"elementor-widget-container\">\n\t\t\t\t\t\t\t\t\t\t\t\t\t\t\t<img fetchpriority=\"high\" decoding=\"async\" width=\"1600\" height=\"1067\" src=\"https:\/\/buynoveltydoc.com\/wp-content\/uploads\/2023\/10\/18-1.jpg\" class=\"attachment-full size-full wp-image-891\" alt=\"buy pilot license\" srcset=\"https:\/\/buynoveltydoc.com\/wp-content\/uploads\/2023\/10\/18-1.jpg 1600w, https:\/\/buynoveltydoc.com\/wp-content\/uploads\/2023\/10\/18-1-300x200.jpg 300w, https:\/\/buynoveltydoc.com\/wp-content\/uploads\/2023\/10\/18-1-1024x683.jpg 1024w, https:\/\/buynoveltydoc.com\/wp-content\/uploads\/2023\/10\/18-1-768x512.jpg 768w, https:\/\/buynoveltydoc.com\/wp-content\/uploads\/2023\/10\/18-1-1536x1024.jpg 1536w\" sizes=\"(max-width: 1600px) 100vw, 1600px\" \/>\t\t\t\t\t\t\t\t\t\t\t\t\t\t\t<\/div>\n\t\t\t\t<\/div>\n\t\t\t\t\t<\/div>\n\t\t<\/div>\n\t\t\t\t\t<\/div>\n\t\t<\/section>\n\t\t\t\t<section class=\"elementor-section elementor-top-section elementor-element elementor-element-203e937 elementor-section-boxed elementor-section-height-default elementor-section-height-default\" data-id=\"203e937\" data-element_type=\"section\">\n\t\t\t\t\t\t\t<div class=\"elementor-background-overlay\"><\/div>\n\t\t\t\t\t\t\t<div class=\"elementor-container elementor-column-gap-no\">\n\t\t\t\t\t<div class=\"elementor-column elementor-col-100 elementor-top-column elementor-element elementor-element-3061d9e\" data-id=\"3061d9e\" data-element_type=\"column\">\n\t\t\t<div class=\"elementor-widget-wrap elementor-element-populated\">\n\t\t\t\t\t\t<div class=\"elementor-element elementor-element-33162ba elementor-widget elementor-widget-text-editor\" data-id=\"33162ba\" data-element_type=\"widget\" data-widget_type=\"text-editor.default\">\n\t\t\t\t<div class=\"elementor-widget-container\">\n\t\t\t\t\t\t\t\t\t<h3>Sahte Pilot Lisans\u0131 Sat\u0131n Al\u0131n &#8211; Havac\u0131l\u0131k Hayallerinizi Bug\u00fcn Ger\u00e7ekle\u015ftirin!<\/h3>\n<p>Her zaman bir pilot olarak g\u00f6ky\u00fcz\u00fcnde s\u00fcz\u00fclmeyi hayal ettiniz mi? Pilot lisans\u0131 alma s\u00fcreci, \u00f6nemli bir zaman ve para yat\u0131r\u0131m\u0131 gerektiren s\u0131navlar ve kapsaml\u0131 e\u011fitim ile cesaret k\u0131r\u0131c\u0131 olabilir. Geleneksel u\u00e7u\u015f okullar\u0131 genellikle bireylerden i\u015ften izin almalar\u0131n\u0131 ve maliyetli e\u011fitim i\u00e7in \u00f6deme yapmalar\u0131n\u0131 talep eder ve bu da bir\u00e7ok hevesli pilot i\u00e7in ula\u015f\u0131lamaz hale getirir. Ancak, hayalinizi ger\u00e7e\u011fe d\u00f6n\u00fc\u015ft\u00fcrebilecek bir alternatif var &#8211; \u00e7evrimi\u00e7i bir pilot lisans\u0131 sat\u0131n almak.<\/p>\n<h3>Online Pilot Lisanslar\u0131n\u0131n Rahatl\u0131\u011f\u0131<\/h3>\n<p>Novelty Document Maker&#8217;da geleneksel e\u011fitim s\u00fcrecinden ge\u00e7meden pilot lisans\u0131 almak isteyenler i\u00e7in verimli bir \u00e7\u00f6z\u00fcm sunuyoruz. Lisanslar\u0131m\u0131z, yasal belgeler olarak kullan\u0131lmak \u00fczere tasarlanmam\u0131\u015f olsa da, lisanslar\u0131n\u0131n bir kopyas\u0131n\u0131 duvara asmak veya sadece pilot olma hayallerini ger\u00e7ekle\u015ftirmek isteyen havac\u0131l\u0131k merakl\u0131lar\u0131 i\u00e7in m\u00fckemmeldir.<\/p>\n<h3>\u00c7e\u015fitli Lisans Se\u00e7enekleri<\/h3>\n<p>Farkl\u0131 istekleri kar\u015f\u0131lamak i\u00e7in \u00e7ok \u00e7e\u015fitli lisanslar sunuyoruz. \u0130ster \u00f6zel pilot lisanslar\u0131, ister ticari pilot lisanslar\u0131 veya helikopter lisanslar\u0131 ile ilgileniyor olun, arad\u0131\u011f\u0131n\u0131z\u0131 bulduk. Lisanslar\u0131m\u0131z web sitemizden sat\u0131n al\u0131nabilir ve 2-5 i\u015f g\u00fcn\u00fc i\u00e7inde teslimat garantisi veriyoruz. Farkl\u0131 tercihlere hitap etmek i\u00e7in Bitcoin, banka havalesi ve Ria dahil olmak \u00fczere \u00e7e\u015fitli \u00f6deme se\u00e7enekleri sunuyoruz.<\/p>\n<h3>Y\u00fcksek Kaliteli Replikalar<\/h3>\n<p>Novelty Document Maker&#8217;da kaliteye \u00f6ncelik veriyoruz. Lisanslar\u0131m\u0131z, ger\u00e7ek lisanslar\u0131n g\u00f6r\u00fcn\u00fcm\u00fcn\u00fc ve hissini \u00e7o\u011faltmak i\u00e7in en iyi malzemeler kullan\u0131larak haz\u0131rlanm\u0131\u015ft\u0131r. Her lisans\u0131n kusursuz bir \u00fcr\u00fcn olmas\u0131n\u0131 sa\u011flamak i\u00e7in do\u011frulu\u011fa \u00e7ok dikkat ediyoruz. Yasal belgeler olarak kullan\u0131lmasalar da, bu lisanslar havac\u0131l\u0131\u011fa olan tutkunuzu sergilemenin m\u00fckemmel bir yoludur. Onlar\u0131 ofisinize veya evinize as\u0131n veya havac\u0131l\u0131k severlere hediye edin.<\/p>\n<p>Pilot lisans\u0131na ek olarak, <a href=\"https:\/\/buynoveltydoc.com\/tr\/ehliyet-satin-al\/\">s\u00fcr\u00fcc\u00fc ehliyetlerinden<\/a> <a href=\"https:\/\/buynoveltydoc.com\/tr\/satin-alma-pasaport-online\/\">pasaportlara<\/a> ve <a href=\"https:\/\/buynoveltydoc.com\/tr\/kimlik-karti-online-satin-al\/\">kimlik kartlar\u0131na<\/a> kadar \u00e7ok \u00e7e\u015fitli yenilik \u00f6\u011feleri sunuyoruz. T\u00fcm \u00fcr\u00fcnlerimiz, ger\u00e7ek\u00e7i kopyalar olu\u015fturmak i\u00e7in y\u00fcksek kaliteli malzemeler kullan\u0131larak b\u00fcy\u00fck bir \u00f6zenle \u00fcretilmi\u015ftir.<\/p>\n<h3>M\u00fc\u015fteri Memnuniyetine Ba\u011fl\u0131l\u0131k<\/h3>\n<p>Novelty Document Maker&#8217;da m\u00fc\u015fterilerimize en kaliteli \u00fcr\u00fcn ve hizmetleri sunmaktan b\u00fcy\u00fck gurur duyuyoruz. Memnuniyetiniz bizim \u00f6nceli\u011fimizdir ve sat\u0131n alma i\u015fleminizden memnun kalman\u0131z\u0131 sa\u011flamaya kendimizi adad\u0131k. M\u00fckemmelli\u011fe olan ba\u011fl\u0131l\u0131\u011f\u0131m\u0131z, t\u00fcm \u00fcr\u00fcn ve hizmet yelpazemizi kapsayacak \u015fekilde lisanslar\u0131m\u0131z\u0131n \u00f6tesine uzan\u0131r.<\/p>\n<h3>Havac\u0131l\u0131k Hayalinizi Bug\u00fcn Ger\u00e7e\u011fe D\u00f6n\u00fc\u015ft\u00fcr\u00fcn<\/h3>\n<p>Sonu\u00e7 olarak, \u00e7evrimi\u00e7i bir <a href=\"https:\/\/www.faa.gov\/pilots\/become\" target=\"_blank\" rel=\"noopener\">pilot lisans\u0131<\/a> sat\u0131n almak, pilot olma hayalinizi ger\u00e7ekle\u015ftirmek i\u00e7in pratik ve eri\u015filebilir bir yol sunar. Lisanslar\u0131m\u0131z do\u011fru, ayr\u0131nt\u0131l\u0131 ve en y\u00fcksek kalitededir, bu da onlar\u0131 sergilemek veya hediye etmek i\u00e7in ideal k\u0131lar. Ola\u011fan\u00fcst\u00fc \u00fcr\u00fcnlerimiz ve hizmetlerimiz hakk\u0131nda daha fazla bilgi edinmek i\u00e7in bug\u00fcn bize ula\u015f\u0131n.<\/p>\n\t\t\t\t\t\t\t\t<\/div>\n\t\t\t\t<\/div>\n\t\t\t\t<section class=\"elementor-section elementor-inner-section elementor-element elementor-element-e790fe0 elementor-section-boxed elementor-section-height-default elementor-section-height-default\" data-id=\"e790fe0\" data-element_type=\"section\">\n\t\t\t\t\t\t<div class=\"elementor-container elementor-column-gap-no\">\n\t\t\t\t\t<div class=\"elementor-column elementor-col-50 elementor-inner-column elementor-element elementor-element-4103332\" data-id=\"4103332\" data-element_type=\"column\">\n\t\t\t<div class=\"elementor-widget-wrap elementor-element-populated\">\n\t\t\t\t\t\t<div class=\"elementor-element elementor-element-ad71764 elementor-widget elementor-widget-image\" data-id=\"ad71764\" data-element_type=\"widget\" data-widget_type=\"image.default\">\n\t\t\t\t<div class=\"elementor-widget-container\">\n\t\t\t\t\t\t\t\t\t\t\t\t\t\t\t<img decoding=\"async\" width=\"1024\" height=\"683\" src=\"https:\/\/buynoveltydoc.com\/wp-content\/uploads\/2023\/10\/17-1-1024x683.jpg\" class=\"attachment-large size-large wp-image-890\" alt=\"fake pilot license\" srcset=\"https:\/\/buynoveltydoc.com\/wp-content\/uploads\/2023\/10\/17-1-1024x683.jpg 1024w, https:\/\/buynoveltydoc.com\/wp-content\/uploads\/2023\/10\/17-1-300x200.jpg 300w, https:\/\/buynoveltydoc.com\/wp-content\/uploads\/2023\/10\/17-1-768x512.jpg 768w, https:\/\/buynoveltydoc.com\/wp-content\/uploads\/2023\/10\/17-1-1536x1024.jpg 1536w, https:\/\/buynoveltydoc.com\/wp-content\/uploads\/2023\/10\/17-1.jpg 1600w\" sizes=\"(max-width: 1024px) 100vw, 1024px\" \/>\t\t\t\t\t\t\t\t\t\t\t\t\t\t\t<\/div>\n\t\t\t\t<\/div>\n\t\t\t\t\t<\/div>\n\t\t<\/div>\n\t\t\t\t<div class=\"elementor-column elementor-col-50 elementor-inner-column elementor-element elementor-element-47033ed\" data-id=\"47033ed\" data-element_type=\"column\">\n\t\t\t<div class=\"elementor-widget-wrap elementor-element-populated\">\n\t\t\t\t\t\t<div class=\"elementor-element elementor-element-735baa4 elementor-widget elementor-widget-image\" data-id=\"735baa4\" data-element_type=\"widget\" data-widget_type=\"image.default\">\n\t\t\t\t<div class=\"elementor-widget-container\">\n\t\t\t\t\t\t\t\t\t\t\t\t\t\t\t<img decoding=\"async\" width=\"1024\" height=\"683\" src=\"https:\/\/buynoveltydoc.com\/wp-content\/uploads\/2023\/10\/19-1-1024x683.jpg\" class=\"attachment-large size-large wp-image-892\" alt=\"buy fake ppl license\" srcset=\"https:\/\/buynoveltydoc.com\/wp-content\/uploads\/2023\/10\/19-1-1024x683.jpg 1024w, https:\/\/buynoveltydoc.com\/wp-content\/uploads\/2023\/10\/19-1-300x200.jpg 300w, https:\/\/buynoveltydoc.com\/wp-content\/uploads\/2023\/10\/19-1-768x512.jpg 768w, https:\/\/buynoveltydoc.com\/wp-content\/uploads\/2023\/10\/19-1-1536x1024.jpg 1536w, https:\/\/buynoveltydoc.com\/wp-content\/uploads\/2023\/10\/19-1.jpg 1600w\" sizes=\"(max-width: 1024px) 100vw, 1024px\" \/>\t\t\t\t\t\t\t\t\t\t\t\t\t\t\t<\/div>\n\t\t\t\t<\/div>\n\t\t\t\t\t<\/div>\n\t\t<\/div>\n\t\t\t\t\t<\/div>\n\t\t<\/section>\n\t\t\t\t\t<\/div>\n\t\t<\/div>\n\t\t\t\t\t<\/div>\n\t\t<\/section>\n\t\t\t\t<section class=\"elementor-section elementor-top-section elementor-element elementor-element-4271066 elementor-section-boxed elementor-section-height-default elementor-section-height-default\" data-id=\"4271066\" data-element_type=\"section\" data-settings=\"{&quot;background_background&quot;:&quot;classic&quot;}\">\n\t\t\t\t\t\t\t<div class=\"elementor-background-overlay\"><\/div>\n\t\t\t\t\t\t\t<div class=\"elementor-container elementor-column-gap-no\">\n\t\t\t\t\t<div class=\"elementor-column elementor-col-50 elementor-top-column elementor-element elementor-element-b5bef14\" data-id=\"b5bef14\" data-element_type=\"column\">\n\t\t\t<div class=\"elementor-widget-wrap elementor-element-populated\">\n\t\t\t\t\t\t<div class=\"elementor-element elementor-element-9021dec elementor-view-stacked elementor-position-inline-start elementor-shape-circle elementor-mobile-position-block-start elementor-widget elementor-widget-icon-box\" data-id=\"9021dec\" data-element_type=\"widget\" data-widget_type=\"icon-box.default\">\n\t\t\t\t<div class=\"elementor-widget-container\">\n\t\t\t\t\t\t\t<div class=\"elementor-icon-box-wrapper\">\n\n\t\t\t\t\t\t<div class=\"elementor-icon-box-icon\">\n\t\t\t\t<span  class=\"elementor-icon\">\n\t\t\t\t<i aria-hidden=\"true\" class=\"fas fa-envelope-open-text\"><\/i>\t\t\t\t<\/span>\n\t\t\t<\/div>\n\t\t\t\n\t\t\t\t\t\t<div class=\"elementor-icon-box-content\">\n\n\t\t\t\t\t\t\t\t\t<h3 class=\"elementor-icon-box-title\">\n\t\t\t\t\t\t<span  >\n\t\t\t\t\t\t\tHaber b\u00fcltenimize abone olun\t\t\t\t\t\t<\/span>\n\t\t\t\t\t<\/h3>\n\t\t\t\t\n\t\t\t\t\t\t\t\t\t<p class=\"elementor-icon-box-description\">\n\t\t\t\t\t\tEn son haberleri ve \u00f6zel teklifleri almak i\u00e7in bizimle ileti\u015fimde kal\u0131n.\t\t\t\t\t<\/p>\n\t\t\t\t\n\t\t\t<\/div>\n\t\t\t\n\t\t<\/div>\n\t\t\t\t\t\t<\/div>\n\t\t\t\t<\/div>\n\t\t\t\t\t<\/div>\n\t\t<\/div>\n\t\t\t\t<div class=\"elementor-column elementor-col-50 elementor-top-column elementor-element elementor-element-907c396\" data-id=\"907c396\" data-element_type=\"column\">\n\t\t\t<div class=\"elementor-widget-wrap elementor-element-populated\">\n\t\t\t\t\t\t<div class=\"elementor-element elementor-element-8a6e9d1 elementor-widget elementor-widget-wp-widget-wpforms-widget\" data-id=\"8a6e9d1\" data-element_type=\"widget\" data-widget_type=\"wp-widget-wpforms-widget.default\">\n\t\t\t\t<div class=\"elementor-widget-container\">\n\t\t\t\t\t<div class=\"wpforms-container inline-fields\" id=\"wpforms-9\"><form id=\"wpforms-form-9\" class=\"wpforms-validate wpforms-form\" data-formid=\"9\" method=\"post\" enctype=\"multipart\/form-data\" action=\"\/tr\/wp-json\/wp\/v2\/pages\/3795\" data-token=\"bd13ed58bc3067ddc2375d9d0fbec69e\"><noscript class=\"wpforms-error-noscript\">Bu formu bitirebilmek i\u00e7in taray\u0131c\u0131n\u0131zda JavaScript&#039;i etkinle\u015ftirin.<\/noscript><div class=\"wpforms-field-container\"><div id=\"wpforms-9-field_1-container\" class=\"wpforms-field wpforms-field-email\" data-field-id=\"1\"><label class=\"wpforms-field-label wpforms-label-hide\" for=\"wpforms-9-field_1\">E-posta <span class=\"wpforms-required-label\">*<\/span><\/label><input type=\"email\" id=\"wpforms-9-field_1\" class=\"wpforms-field-large wpforms-field-required\" name=\"wpforms[fields][1]\" placeholder=\"E-posta adresiniz\" spellcheck=\"false\" required><\/div><\/div><!-- .wpforms-field-container --><div class=\"wpforms-submit-container\" ><input type=\"hidden\" name=\"wpforms[id]\" value=\"9\"><input type=\"hidden\" name=\"wpforms[author]\" value=\"1\"><button type=\"submit\" name=\"wpforms[submit]\" id=\"wpforms-submit-9\" class=\"wpforms-submit\" data-alt-text=\"G\u00f6nderme...\" data-submit-text=\"Abone olmak\" aria-live=\"assertive\" value=\"wpforms-submit\">Abone olmak<\/button><\/div><\/form><\/div>  <!-- .wpforms-container -->\t\t\t\t<\/div>\n\t\t\t\t<\/div>\n\t\t\t\t\t<\/div>\n\t\t<\/div>\n\t\t\t\t\t<\/div>\n\t\t<\/section>\n\t\t\t\t<section class=\"elementor-section elementor-top-section elementor-element elementor-element-bba4fa8 elementor-section-boxed elementor-section-height-default elementor-section-height-default\" data-id=\"bba4fa8\" data-element_type=\"section\" data-settings=\"{&quot;background_background&quot;:&quot;classic&quot;}\">\n\t\t\t\t\t\t<div class=\"elementor-container elementor-column-gap-no\">\n\t\t\t\t\t<div class=\"elementor-column elementor-col-33 elementor-top-column elementor-element elementor-element-1540cc4\" data-id=\"1540cc4\" data-element_type=\"column\">\n\t\t\t<div class=\"elementor-widget-wrap elementor-element-populated\">\n\t\t\t\t\t\t<div class=\"elementor-element elementor-element-e2510c9 elementor-position-inline-start elementor-widget__width-auto elementor-widget-mobile__width-inherit elementor-view-default elementor-mobile-position-block-start elementor-widget elementor-widget-icon-box\" data-id=\"e2510c9\" data-element_type=\"widget\" data-widget_type=\"icon-box.default\">\n\t\t\t\t<div class=\"elementor-widget-container\">\n\t\t\t\t\t\t\t<div class=\"elementor-icon-box-wrapper\">\n\n\t\t\t\t\t\t<div class=\"elementor-icon-box-icon\">\n\t\t\t\t<span  class=\"elementor-icon\">\n\t\t\t\t<i aria-hidden=\"true\" class=\"fas fa-map-marker-alt\"><\/i>\t\t\t\t<\/span>\n\t\t\t<\/div>\n\t\t\t\n\t\t\t\t\t\t<div class=\"elementor-icon-box-content\">\n\n\t\t\t\t\t\t\t\t\t<h4 class=\"elementor-icon-box-title\">\n\t\t\t\t\t\t<span  >\n\t\t\t\t\t\t\tAdres\t\t\t\t\t\t<\/span>\n\t\t\t\t\t<\/h4>\n\t\t\t\t\n\t\t\t\t\t\t\t\t\t<p class=\"elementor-icon-box-description\">\n\t\t\t\t\t\t2792 Pawtucket Ave, Rhode Island\t\t\t\t\t<\/p>\n\t\t\t\t\n\t\t\t<\/div>\n\t\t\t\n\t\t<\/div>\n\t\t\t\t\t\t<\/div>\n\t\t\t\t<\/div>\n\t\t\t\t\t<\/div>\n\t\t<\/div>\n\t\t\t\t<div class=\"elementor-column elementor-col-33 elementor-top-column elementor-element elementor-element-7093530\" data-id=\"7093530\" data-element_type=\"column\">\n\t\t\t<div class=\"elementor-widget-wrap elementor-element-populated\">\n\t\t\t\t\t\t<div class=\"elementor-element elementor-element-1e0c831 elementor-position-inline-start elementor-widget__width-auto elementor-widget-mobile__width-inherit elementor-view-default elementor-mobile-position-block-start elementor-widget elementor-widget-icon-box\" data-id=\"1e0c831\" data-element_type=\"widget\" data-widget_type=\"icon-box.default\">\n\t\t\t\t<div class=\"elementor-widget-container\">\n\t\t\t\t\t\t\t<div class=\"elementor-icon-box-wrapper\">\n\n\t\t\t\t\t\t<div class=\"elementor-icon-box-icon\">\n\t\t\t\t<span  class=\"elementor-icon\">\n\t\t\t\t<i aria-hidden=\"true\" class=\"fas fa-phone\"><\/i>\t\t\t\t<\/span>\n\t\t\t<\/div>\n\t\t\t\n\t\t\t\t\t\t<div class=\"elementor-icon-box-content\">\n\n\t\t\t\t\t\t\t\t\t<h4 class=\"elementor-icon-box-title\">\n\t\t\t\t\t\t<span  >\n\t\t\t\t\t\t\tBizi Aray\u0131n\t\t\t\t\t\t<\/span>\n\t\t\t\t\t<\/h4>\n\t\t\t\t\n\t\t\t\t\t\t\t\t\t<p class=\"elementor-icon-box-description\">\n\t\t\t\t\t\t+1 (401) 206-4550\t\t\t\t\t<\/p>\n\t\t\t\t\n\t\t\t<\/div>\n\t\t\t\n\t\t<\/div>\n\t\t\t\t\t\t<\/div>\n\t\t\t\t<\/div>\n\t\t\t\t\t<\/div>\n\t\t<\/div>\n\t\t\t\t<div class=\"elementor-column elementor-col-33 elementor-top-column elementor-element elementor-element-e6679d1\" data-id=\"e6679d1\" data-element_type=\"column\">\n\t\t\t<div class=\"elementor-widget-wrap elementor-element-populated\">\n\t\t\t\t\t\t<div class=\"elementor-element elementor-element-7d133f0 elementor-position-inline-start elementor-widget__width-auto elementor-widget-mobile__width-inherit elementor-view-default elementor-mobile-position-block-start elementor-widget elementor-widget-icon-box\" data-id=\"7d133f0\" data-element_type=\"widget\" data-widget_type=\"icon-box.default\">\n\t\t\t\t<div class=\"elementor-widget-container\">\n\t\t\t\t\t\t\t<div class=\"elementor-icon-box-wrapper\">\n\n\t\t\t\t\t\t<div class=\"elementor-icon-box-icon\">\n\t\t\t\t<a href=\"mailto:contact@buynoveltydoc.com\" class=\"elementor-icon\" tabindex=\"-1\" aria-label=\"Bize e-posta g\u00f6nderin\">\n\t\t\t\t<i aria-hidden=\"true\" class=\"fas fa-envelope\"><\/i>\t\t\t\t<\/a>\n\t\t\t<\/div>\n\t\t\t\n\t\t\t\t\t\t<div class=\"elementor-icon-box-content\">\n\n\t\t\t\t\t\t\t\t\t<h4 class=\"elementor-icon-box-title\">\n\t\t\t\t\t\t<a href=\"mailto:contact@buynoveltydoc.com\" >\n\t\t\t\t\t\t\tBize e-posta g\u00f6nderin\t\t\t\t\t\t<\/a>\n\t\t\t\t\t<\/h4>\n\t\t\t\t\n\t\t\t\t\t\t\t\t\t<p class=\"elementor-icon-box-description\">\n\t\t\t\t\t\tcontact@buynoveltydoc.com\t\t\t\t\t<\/p>\n\t\t\t\t\n\t\t\t<\/div>\n\t\t\t\n\t\t<\/div>\n\t\t\t\t\t\t<\/div>\n\t\t\t\t<\/div>\n\t\t\t\t\t<\/div>\n\t\t<\/div>\n\t\t\t\t\t<\/div>\n\t\t<\/section>\n\t\t\t\t<\/div>\n\t\t","protected":false},"excerpt":{"rendered":"<p>Ger\u00e7ek veya Sahte Pilot Lisans Kart\u0131 Sat\u0131n Al\u0131n S\u0131navlar\u0131n ve kapsaml\u0131 e\u011fitimlerin hayallerinizi engellemesine izin vermeyin Sahte Pilot Lisans\u0131 Sat\u0131n Al\u0131n &#8211; Havac\u0131l\u0131k Hayallerinizi Bug\u00fcn Ger\u00e7ekle\u015ftirin! Her zaman bir pilot olarak g\u00f6ky\u00fcz\u00fcnde s\u00fcz\u00fclmeyi hayal ettiniz mi? Pilot lisans\u0131 alma s\u00fcreci, \u00f6nemli bir zaman ve para yat\u0131r\u0131m\u0131 gerektiren s\u0131navlar ve kapsaml\u0131 e\u011fitim ile cesaret k\u0131r\u0131c\u0131 olabilir. [&hellip;]<\/p>\n","protected":false},"author":1,"featured_media":0,"parent":0,"menu_order":0,"comment_status":"closed","ping_status":"closed","template":"","meta":{"site-sidebar-layout":"no-sidebar","site-content-layout":"page-builder","ast-site-content-layout":"full-width-container","site-content-style":"unboxed","site-sidebar-style":"unboxed","ast-global-header-display":"","ast-banner-title-visibility":"","ast-main-header-display":"","ast-hfb-above-header-display":"","ast-hfb-below-header-display":"","ast-hfb-mobile-header-display":"","site-post-title":"disabled","ast-breadcrumbs-content":"","ast-featured-img":"disabled","footer-sml-layout":"","theme-transparent-header-meta":"enabled","adv-header-id-meta":"","stick-header-meta":"","header-above-stick-meta":"","header-main-stick-meta":"","header-below-stick-meta":"","astra-migrate-meta-layouts":"default","ast-page-background-enabled":"default","ast-page-background-meta":{"desktop":{"background-color":"","background-image":"","background-repeat":"repeat","background-position":"center center","background-size":"auto","background-attachment":"scroll","background-type":"","background-media":"","overlay-type":"","overlay-color":"","overlay-opacity":"","overlay-gradient":""},"tablet":{"background-color":"","background-image":"","background-repeat":"repeat","background-position":"center center","background-size":"auto","background-attachment":"scroll","background-type":"","background-media":"","overlay-type":"","overlay-color":"","overlay-opacity":"","overlay-gradient":""},"mobile":{"background-color":"","background-image":"","background-repeat":"repeat","background-position":"center center","background-size":"auto","background-attachment":"scroll","background-type":"","background-media":"","overlay-type":"","overlay-color":"","overlay-opacity":"","overlay-gradient":""}},"ast-content-background-meta":{"desktop":{"background-color":"var(--ast-global-color-5)","background-image":"","background-repeat":"repeat","background-position":"center center","background-size":"auto","background-attachment":"scroll","background-type":"","background-media":"","overlay-type":"","overlay-color":"","overlay-opacity":"","overlay-gradient":""},"tablet":{"background-color":"var(--ast-global-color-5)","background-image":"","background-repeat":"repeat","background-position":"center center","background-size":"auto","background-attachment":"scroll","background-type":"","background-media":"","overlay-type":"","overlay-color":"","overlay-opacity":"","overlay-gradient":""},"mobile":{"background-color":"var(--ast-global-color-5)","background-image":"","background-repeat":"repeat","background-position":"center center","background-size":"auto","background-attachment":"scroll","background-type":"","background-media":"","overlay-type":"","overlay-color":"","overlay-opacity":"","overlay-gradient":""}},"footnotes":""},"class_list":["post-3795","page","type-page","status-publish","hentry"],"_links":{"self":[{"href":"https:\/\/buynoveltydoc.com\/tr\/wp-json\/wp\/v2\/pages\/3795","targetHints":{"allow":["GET"]}}],"collection":[{"href":"https:\/\/buynoveltydoc.com\/tr\/wp-json\/wp\/v2\/pages"}],"about":[{"href":"https:\/\/buynoveltydoc.com\/tr\/wp-json\/wp\/v2\/types\/page"}],"author":[{"embeddable":true,"href":"https:\/\/buynoveltydoc.com\/tr\/wp-json\/wp\/v2\/users\/1"}],"replies":[{"embeddable":true,"href":"https:\/\/buynoveltydoc.com\/tr\/wp-json\/wp\/v2\/comments?post=3795"}],"version-history":[{"count":0,"href":"https:\/\/buynoveltydoc.com\/tr\/wp-json\/wp\/v2\/pages\/3795\/revisions"}],"wp:attachment":[{"href":"https:\/\/buynoveltydoc.com\/tr\/wp-json\/wp\/v2\/media?parent=3795"}],"curies":[{"name":"wp","href":"https:\/\/api.w.org\/{rel}","templated":true}]}}